{"id":339,"date":"2025-06-12T11:48:50","date_gmt":"2025-06-12T08:48:50","guid":{"rendered":"https:\/\/vivasan.ee\/?page_id=339"},"modified":"2025-08-28T11:47:29","modified_gmt":"2025-08-28T08:47:29","slug":"kuidas-osta","status":"publish","type":"page","link":"https:\/\/vivasan.ee\/ru\/kuidas-osta\/","title":{"rendered":"Kuidas osta?"},"content":{"rendered":"<p>[et_pb_section fb_built=&#187;1&#8243; _builder_version=&#187;4.27.4&#8243; _module_preset=&#187;default&#187; global_colors_info=&#187;{}&#187;][et_pb_row _builder_version=&#187;4.27.4&#8243; _module_preset=&#187;default&#187; global_colors_info=&#187;{}&#187;][et_pb_column type=&#187;4_4&#8243; _builder_version=&#187;4.27.4&#8243; _module_preset=&#187;default&#187; global_colors_info=&#187;{}&#187;][et_pb_text _builder_version=&#187;4.27.4&#8243; _module_preset=&#187;default&#187; hover_enabled=&#187;0&#8243; global_colors_info=&#187;{}&#187; sticky_enabled=&#187;0&#8243;]<\/p>\n<h1>Kuidas osta?<\/h1>\n<p>1. Kui oled leidnud sobiva toote, siis vajuta nuppu Lisa Ostukorvi.<\/p>\n<p>2. Seej\u00e4rel kliki \u00fcleval paremas nurgas oleval Ostukorvi nupul ning n\u00e4edki ostukorvi. Kui ostukorvi lisatud toode on ainus, mida soovid tellida, siis vajuta nuppu Vormista ost (ostukorvi sisu s\u00e4ilib ka ostukorvi lehelt lahkumisel). Kui tahad edasi \u0161opata, siis kliki Tagasi poodi.<\/p>\n<p>3. Vajutades Vormista ost avaneb tellimuse kinnitamise lehek\u00fclg. Sul on v\u00f5imalik tasuda nii k\u00fclalise kui ka registreeritud kasutajana. Palun t\u00e4ida k\u00f5ik n\u00f5utud v\u00e4ljad.<\/p>\n<p>4. Seej\u00e4rel kinnita oma k\u00e4ttesaamise aadress ja soovikorral lisa omapoolne kommentaar toote v\u00f5i k\u00e4ttetoimetamise kohta.<\/p>\n<p>5. J\u00e4rgmisena saad valida tarneviisi. Palun vali endale k\u00f5ige mugavam k\u00e4ttetoimetamise viis ning m\u00e4rgi linnuke &#171;N\u00f5ustun m\u00fc\u00fcgitingimustega&#187; kastikesse, peale tingimustega tutvumist.<\/p>\n<p>6. Kui andmed on korrektsed avaneb sul makseviiside valik. Tasuda saab arve alusel, pangalingi kaudu v\u00f5i krediitkaardiga.<\/p>\n<p>Juhul kui on soov maksta arve alusel tuleb oodata arve saabumist e-postile. Tellimuse kinnitamiseks ja t\u00f6\u00f6tlemiseks peab 5 p\u00e4eva jooksul laekuma 100% arve summast meie kontole.<\/p>\n<p>Tellimuse vormistamisel saadetakse sulle igal juhul arve e-postile. Vastavalt panga rekvisiitidele on v\u00f5imalik tasuda toote eest endale sobivas pangas.<\/p>\n<p>7. Tellimus ongi sooritatud!<\/p>\n<p>Kui sul tekib t\u00e4iendavaid k\u00fcsimusi v\u00f5i soovid muutusi tellimuses, siis palun kirjuta aadressile <strong>info@vivasan.ee<\/strong><br \/>\n[\/et_pb_text][\/et_pb_column][\/et_pb_row][\/et_pb_section]<\/p>\n","protected":false},"excerpt":{"rendered":"<p>Kuidas osta? 1. Kui oled leidnud sobiva toote, siis vajuta nuppu Lisa Ostukorvi. 2. Seej\u00e4rel kliki \u00fcleval paremas nurgas oleval Ostukorvi nupul ning n\u00e4edki ostukorvi. Kui ostukorvi lisatud toode on ainus, mida soovid tellida, siis vajuta nuppu Vormista ost (ostukorvi sisu s\u00e4ilib ka ostukorvi lehelt lahkumisel). Kui tahad edasi \u0161opata, siis kliki Tagasi poodi. 3. [&hellip;]<\/p>\n","protected":false},"author":2,"featured_media":0,"parent":0,"menu_order":0,"comment_status":"closed","ping_status":"closed","template":"","meta":{"_et_pb_use_builder":"on","_et_pb_old_content":"<p>[et_pb_section fb_built=\"1\" _builder_version=\"4.27.4\" _module_preset=\"default\" global_colors_info=\"{}\"][et_pb_row _builder_version=\"4.27.4\" _module_preset=\"default\" global_colors_info=\"{}\"][et_pb_column type=\"4_4\" _builder_version=\"4.27.4\" _module_preset=\"default\" global_colors_info=\"{}\"][et_pb_text _builder_version=\"4.27.4\" _module_preset=\"default\" hover_enabled=\"0\" global_colors_info=\"{}\" sticky_enabled=\"0\"]<\/p><h1>Kuidas osta?<\/h1><p>1. Kui oled leidnud sobiva toote, siis vajuta nuppu Lisa Ostukorvi.<\/p><p>2. Seej\u00e4rel kliki \u00fcleval paremas nurgas oleval Ostukorvi nupul ning n\u00e4edki ostukorvi. Kui ostukorvi lisatud toode on ainus, mida soovid tellida, siis vajuta nuppu Vormista ost (ostukorvi sisu s\u00e4ilib ka ostukorvi lehelt lahkumisel). Kui tahad edasi \u0161opata, siis kliki Tagasi poodi.<\/p><p>3. Vajutades Vormista ost avaneb tellimuse kinnitamise lehek\u00fclg. Sul on v\u00f5imalik tasuda nii k\u00fclalise kui ka registreeritud kasutajana. Palun t\u00e4ida k\u00f5ik n\u00f5utud v\u00e4ljad.<\/p><p>4. Seej\u00e4rel kinnita oma k\u00e4ttesaamise aadress ja soovikorral lisa omapoolne kommentaar toote v\u00f5i k\u00e4ttetoimetamise kohta.<\/p><p>5. J\u00e4rgmisena saad valida tarneviisi. Palun vali endale k\u00f5ige mugavam k\u00e4ttetoimetamise viis ning m\u00e4rgi linnuke \"N\u00f5ustun m\u00fc\u00fcgitingimustega\" kastikesse, peale tingimustega tutvumist.<\/p><p>6. Kui andmed on korrektsed avaneb sul makseviiside valik. Tasuda saab arve alusel, pangalingi kaudu v\u00f5i krediitkaardiga.<\/p><p>Juhul kui on soov maksta arve alusel tuleb oodata arve saabumist e-postile. Tellimuse kinnitamiseks ja t\u00f6\u00f6tlemiseks peab 5 p\u00e4eva jooksul laekuma 100% arve summast meie kontole.<\/p><p>Tellimuse vormistamisel saadetakse sulle igal juhul arve e-postile. Vastavalt panga rekvisiitidele on v\u00f5imalik tasuda toote eest endale sobivas pangas.<\/p><p>7. Tellimus ongi sooritatud!<\/p><p>Kui sul tekib t\u00e4iendavaid k\u00fcsimusi v\u00f5i soovid muutusi tellimuses, siis palun kirjuta aadressile <strong>info@e-vivasan.com<\/strong><\/p><p>[\/et_pb_text][\/et_pb_column][\/et_pb_row][\/et_pb_section]<\/p>","_et_gb_content_width":"","footnotes":""},"dipi_cpt_category":[],"class_list":["post-339","page","type-page","status-publish","hentry"],"_links":{"self":[{"href":"https:\/\/vivasan.ee\/ru\/wp-json\/wp\/v2\/pages\/339","targetHints":{"allow":["GET"]}}],"collection":[{"href":"https:\/\/vivasan.ee\/ru\/wp-json\/wp\/v2\/pages"}],"about":[{"href":"https:\/\/vivasan.ee\/ru\/wp-json\/wp\/v2\/types\/page"}],"author":[{"embeddable":true,"href":"https:\/\/vivasan.ee\/ru\/wp-json\/wp\/v2\/users\/2"}],"replies":[{"embeddable":true,"href":"https:\/\/vivasan.ee\/ru\/wp-json\/wp\/v2\/comments?post=339"}],"version-history":[{"count":3,"href":"https:\/\/vivasan.ee\/ru\/wp-json\/wp\/v2\/pages\/339\/revisions"}],"predecessor-version":[{"id":1194,"href":"https:\/\/vivasan.ee\/ru\/wp-json\/wp\/v2\/pages\/339\/revisions\/1194"}],"wp:attachment":[{"href":"https:\/\/vivasan.ee\/ru\/wp-json\/wp\/v2\/media?parent=339"}],"wp:term":[{"taxonomy":"dipi_cpt_category","embeddable":true,"href":"https:\/\/vivasan.ee\/ru\/wp-json\/wp\/v2\/dipi_cpt_category?post=339"}],"curies":[{"name":"wp","href":"https:\/\/api.w.org\/{rel}","templated":true}]}}