{"id":349,"date":"2025-06-12T11:50:40","date_gmt":"2025-06-12T11:50:40","guid":{"rendered":"https:\/\/vivasan.ee\/?page_id=349"},"modified":"2025-06-12T11:51:40","modified_gmt":"2025-06-12T11:51:40","slug":"maksmine","status":"publish","type":"page","link":"https:\/\/vivasan.ee\/ru\/maksmine\/","title":{"rendered":"Maksmine"},"content":{"rendered":"<p>[et_pb_section fb_built=&#187;1&#8243; _builder_version=&#187;4.27.4&#8243; _module_preset=&#187;default&#187; global_colors_info=&#187;{}&#187;][et_pb_row _builder_version=&#187;4.27.4&#8243; _module_preset=&#187;default&#187; global_colors_info=&#187;{}&#187;][et_pb_column type=&#187;4_4&#8243; _builder_version=&#187;4.27.4&#8243; _module_preset=&#187;default&#187; global_colors_info=&#187;{}&#187;][et_pb_text _builder_version=&#187;4.27.4&#8243; _module_preset=&#187;default&#187; global_colors_info=&#187;{}&#187;]<\/p>\n<h1>Kuidas maksta e-poest?<\/h1>\n<p><strong>Pangalink<\/strong><br \/>\nMeie e-poes v\u00f5imalik tasuda oma tellimuse eest l\u00e4bi:<br \/>\n&#8212; Swedbank<br \/>\n&#8212; SEB<br \/>\n&#8212; Luminor<br \/>\n&#8212; LHV<br \/>\n&#8212; Coop<br \/>\n&#8212; Pocopay<br \/>\n&#8212; Liisi ID<\/p>\n<p><strong>Kaardimaksed<\/strong><br \/>\nMasterCard v\u00f5i Visa kaardi abil<\/p>\n<p>Peale e-poes tellimuse vormistamist suunatakse teid teie poolt valitud internetipanka, kus te n\u00e4ete eelt\u00e4idetud maksekorraldust. Kinnitage makse ning seej\u00e4rel lahkuge internetipangast vajutades nuppu &#171;Tagasi kaupmehe juurde&#187;. Peale selle nupu vajutamist n\u00e4eme ka meie, et ost on sooritatud ning saame teie tellimusega edasi tegeleda. Pangalingiga maksmine on turvaline, ei meie ega ka kolmandad isikud ei saa teada teie internetipanga andmeid.<\/p>\n<p><strong>Panga\u00fclekandega<\/strong><br \/>\nTasumisel valige \u201ctasun panga\u00fclekandega\u201d. Te saate enda poolt m\u00e4rgitud e-mailile kirja tellimuse arvega. Saate tasuda selle endale sobival ajal. M\u00e4rkige kindlasti tellimuse number selgitusse! Hiljemalt kolme t\u00f6\u00f6p\u00e4eva jooksul peale makse laekumist paneme me teie tellimuse teele. Kui me ei n\u00e4e makse laekumist viie p\u00e4eva jooksul, peame seda teie sooviks ostust loobuda ning t\u00fchistame tellimuse<br \/>\n[\/et_pb_text][\/et_pb_column][\/et_pb_row][\/et_pb_section]<\/p>\n","protected":false},"excerpt":{"rendered":"<p>Kuidas maksta e-poest? Pangalink Meie e-poes v\u00f5imalik tasuda oma tellimuse eest l\u00e4bi: &#8212; Swedbank &#8212; SEB &#8212; Luminor &#8212; LHV &#8212; Coop &#8212; Pocopay &#8212; Liisi ID Kaardimaksed MasterCard v\u00f5i Visa kaardi abil Peale e-poes tellimuse vormistamist suunatakse teid teie poolt valitud internetipanka, kus te n\u00e4ete eelt\u00e4idetud maksekorraldust. Kinnitage makse ning seej\u00e4rel lahkuge internetipangast vajutades [&hellip;]<\/p>\n","protected":false},"author":2,"featured_media":0,"parent":0,"menu_order":0,"comment_status":"closed","ping_status":"closed","template":"","meta":{"_et_pb_use_builder":"on","_et_pb_old_content":"<p>[et_pb_section fb_built=\"1\" _builder_version=\"4.27.4\" _module_preset=\"default\" global_colors_info=\"{}\"][et_pb_row _builder_version=\"4.27.4\" _module_preset=\"default\" global_colors_info=\"{}\"][et_pb_column type=\"4_4\" _builder_version=\"4.27.4\" _module_preset=\"default\" global_colors_info=\"{}\"][et_pb_text _builder_version=\"4.27.4\" _module_preset=\"default\" hover_enabled=\"0\" global_colors_info=\"{}\" sticky_enabled=\"0\"]<\/p><h1>Kuidas maksta e-poest?<\/h1><p><strong>Pangalink<\/strong><br \/>Meie e-poes v\u00f5imalik tasuda oma tellimuse eest l\u00e4bi:<br \/>- Swedbank<br \/>- SEB<br \/>- Luminor<br \/>- LHV<br \/>- Coop<br \/>- Pocopay<br \/>- Liisi ID<\/p><p><strong>Kaardimaksed<\/strong><br \/>MasterCard v\u00f5i Visa kaardi abil<\/p><p>Peale e-poes tellimuse vormistamist suunatakse teid teie poolt valitud internetipanka, kus te n\u00e4ete eelt\u00e4idetud maksekorraldust. Kinnitage makse ning seej\u00e4rel lahkuge internetipangast vajutades nuppu \"Tagasi kaupmehe juurde\". Peale selle nupu vajutamist n\u00e4eme ka meie, et ost on sooritatud ning saame teie tellimusega edasi tegeleda. Pangalingiga maksmine on turvaline, ei meie ega ka kolmandad isikud ei saa teada teie internetipanga andmeid.<\/p><p><strong>Panga\u00fclekandega<\/strong><br \/>Tasumisel valige \u201ctasun panga\u00fclekandega\u201d. Te saate enda poolt m\u00e4rgitud e-mailile kirja tellimuse arvega. Saate tasuda selle endale sobival ajal. M\u00e4rkige kindlasti tellimuse number selgitusse! Hiljemalt kolme t\u00f6\u00f6p\u00e4eva jooksul peale makse laekumist paneme me teie tellimuse teele. Kui me ei n\u00e4e makse laekumist viie p\u00e4eva jooksul, peame seda teie sooviks ostust loobuda ning t\u00fchistame tellimuse<\/p><p>[\/et_pb_text][\/et_pb_column][\/et_pb_row][\/et_pb_section]<\/p>","_et_gb_content_width":"","footnotes":""},"dipi_cpt_category":[],"class_list":["post-349","page","type-page","status-publish","hentry"],"_links":{"self":[{"href":"https:\/\/vivasan.ee\/ru\/wp-json\/wp\/v2\/pages\/349","targetHints":{"allow":["GET"]}}],"collection":[{"href":"https:\/\/vivasan.ee\/ru\/wp-json\/wp\/v2\/pages"}],"about":[{"href":"https:\/\/vivasan.ee\/ru\/wp-json\/wp\/v2\/types\/page"}],"author":[{"embeddable":true,"href":"https:\/\/vivasan.ee\/ru\/wp-json\/wp\/v2\/users\/2"}],"replies":[{"embeddable":true,"href":"https:\/\/vivasan.ee\/ru\/wp-json\/wp\/v2\/comments?post=349"}],"version-history":[{"count":2,"href":"https:\/\/vivasan.ee\/ru\/wp-json\/wp\/v2\/pages\/349\/revisions"}],"predecessor-version":[{"id":351,"href":"https:\/\/vivasan.ee\/ru\/wp-json\/wp\/v2\/pages\/349\/revisions\/351"}],"wp:attachment":[{"href":"https:\/\/vivasan.ee\/ru\/wp-json\/wp\/v2\/media?parent=349"}],"wp:term":[{"taxonomy":"dipi_cpt_category","embeddable":true,"href":"https:\/\/vivasan.ee\/ru\/wp-json\/wp\/v2\/dipi_cpt_category?post=349"}],"curies":[{"name":"wp","href":"https:\/\/api.w.org\/{rel}","templated":true}]}}