{"id":358,"date":"2025-06-12T11:53:13","date_gmt":"2025-06-12T08:53:13","guid":{"rendered":"https:\/\/vivasan.ee\/?page_id=358"},"modified":"2025-08-28T11:48:39","modified_gmt":"2025-08-28T08:48:39","slug":"kohaletoimetamine","status":"publish","type":"page","link":"https:\/\/vivasan.ee\/ru\/kohaletoimetamine\/","title":{"rendered":"Kohaletoimetamine"},"content":{"rendered":"<p>[et_pb_section fb_built=&#187;1&#8243; _builder_version=&#187;4.27.4&#8243; _module_preset=&#187;default&#187; global_colors_info=&#187;{}&#187;][et_pb_row _builder_version=&#187;4.27.4&#8243; _module_preset=&#187;default&#187; global_colors_info=&#187;{}&#187;][et_pb_column type=&#187;4_4&#8243; _builder_version=&#187;4.27.4&#8243; _module_preset=&#187;default&#187; global_colors_info=&#187;{}&#187;][et_pb_text _builder_version=&#187;4.27.4&#8243; _module_preset=&#187;default&#187; hover_enabled=&#187;0&#8243; global_colors_info=&#187;{}&#187; sticky_enabled=&#187;0&#8243;]<\/p>\n<h1>Kohaletoimetamine<\/h1>\n<p>K\u00f5ikide vivasan.ee e-poest tellitud kaupade kohaletoimetamine Eesti Vabariigi piires on teile lisatasuta\/lisatasu eest.<\/p>\n<p><strong>Lisatasude hinnakiri:<\/strong><br \/>\nKulleriga k\u00e4tte Tallinna piires &#8212; 6,00<br \/>\nOmniva pakiautomaat &#8212; 3,98<br \/>\nSmartPosti  pakiautomaat &#8212; 3,98<\/p>\n<p><strong>Omniva pakiautomaat<\/strong><br \/>\nKohaletoimetus Omniva pakiautomaatidesse \u00fcle Eesti.<br \/>\n<a href=\"https:\/\/www.omniva.ee\/abi\/kaart\" target=\"_blank\" rel=\"noopener\">Vaata siit pakiautomaatide asukohti ja t\u00e4itmise kella-aegasid<\/a><\/p>\n<p>T\u00f6\u00f6p\u00e4evadel enne 10:00 tasutud tellimused j\u00f5uavad teieni juba j\u00e4rgmisel p\u00e4eval.<br \/>\nKui pakk j\u00f5uab pakiautomaati, saadetakse tellimuses m\u00e4rgitud mobiiltelefoni numbrile SMS uksekoodiga.<br \/>\nUksekood tuleb sisestada pakiautomaati ning seepeale avaneb kapp kus on teile saadetud pakk.<br \/>\nPakile on v\u00f5imalik j\u00e4rgi minna 7 t\u00f6\u00f6p\u00e4eva jooksul alates selle j\u00f5udmisest pakiautomaati.<\/p>\n<p><strong>SmartPosti pakiautomaat<\/strong><br \/>\nKohaletoimetus SmartPosti pakiautomaatidesse \u00fcle Eesti.<br \/>\n<a href=\"https:\/\/www.smartposti.ee\/teeninduspunktid\" target=\"_blank\" rel=\"noopener\">Vaata siit pakiautomaatide asukohti ja t\u00e4itmise kella-aegasid<\/a><\/p>\n<p>T\u00f6\u00f6p\u00e4evadel enne 10:00 tasutud tellimused j\u00f5uavad teieni juba j\u00e4rgmisel p\u00e4eval.<br \/>\nKui pakk j\u00f5uab pakiautomaati, saadetakse tellimuses m\u00e4rgitud mobiiltelefoni numbrile SMS uksekoodiga.<br \/>\nUksekood tuleb sisestada pakiautomaati ning seepeale avaneb kapp kus on teile saadetud pakk.<br \/>\nPakile on v\u00f5imalik j\u00e4rgi minna 7 t\u00f6\u00f6p\u00e4eva jooksul alates selle j\u00f5udmisest pakiautomaati.<\/p>\n<p><strong>\u00dcldine<\/strong><br \/>\nPeale tellimuse saamist edastame Teile e-postile arve ning kinnituskirja tellimuse t\u00e4itmisele v\u00f5tmise kohta.<\/p>\n<p>Kui olete \u00fche tellimusega tellinud erineva tarneajaga tooteid, siis Tellimuse k\u00e4ttetoimetamise aeg arvestatakse k\u00f5ige pikema tarneajaga toote j\u00e4rgi v\u00f5i saadetakse teile tellitud tooted eraldi saadetistena.[\/et_pb_text][\/et_pb_column][\/et_pb_row][\/et_pb_section]<\/p>\n","protected":false},"excerpt":{"rendered":"<p>Kohaletoimetamine K\u00f5ikide vivasan.ee e-poest tellitud kaupade kohaletoimetamine Eesti Vabariigi piires on teile lisatasuta\/lisatasu eest. Lisatasude hinnakiri: Kulleriga k\u00e4tte Tallinna piires &#8212; 6,00 Omniva pakiautomaat &#8212; 3,98 SmartPosti pakiautomaat &#8212; 3,98 Omniva pakiautomaat Kohaletoimetus Omniva pakiautomaatidesse \u00fcle Eesti. Vaata siit pakiautomaatide asukohti ja t\u00e4itmise kella-aegasid T\u00f6\u00f6p\u00e4evadel enne 10:00 tasutud tellimused j\u00f5uavad teieni juba j\u00e4rgmisel p\u00e4eval. Kui [&hellip;]<\/p>\n","protected":false},"author":2,"featured_media":0,"parent":0,"menu_order":0,"comment_status":"closed","ping_status":"closed","template":"","meta":{"_et_pb_use_builder":"on","_et_pb_old_content":"<p>[et_pb_section fb_built=\"1\" _builder_version=\"4.27.4\" _module_preset=\"default\" global_colors_info=\"{}\"][et_pb_row _builder_version=\"4.27.4\" _module_preset=\"default\" global_colors_info=\"{}\"][et_pb_column type=\"4_4\" _builder_version=\"4.27.4\" _module_preset=\"default\" global_colors_info=\"{}\"][et_pb_text _builder_version=\"4.27.4\" _module_preset=\"default\" global_colors_info=\"{}\"]<\/p><h1>Kohaletoimetamine<\/h1><p>K\u00f5ikide e-vivasan.com e-poest tellitud kaupade kohaletoimetamine Eesti Vabariigi piires on teile lisatasuta\/lisatasu eest.<\/p><p><strong>Lisatasude hinnakiri:<\/strong><br \/>V\u00e4ljastamine esinduskaupluses - 0,00<br \/>Omniva pakiautomaat - 2,95\/3,98\/4,85<\/p><p><strong>V\u00e4ljastamine esinduskaupluses<\/strong><br \/>T\u00f6\u00f6p\u00e4evadel enne 10:00 tasutud tellimustele v\u00f5id j\u00e4rgi tulla j\u00e4rgmisel t\u00f6\u00f6p\u00e4eval.<br \/>Pakkide v\u00e4ljastamine toimub Vivasan Eesti O\u00dc Tallinna esinduses, aadressil Narva mnt 7B, Tallinn esmasp\u00e4eviti kell 14:00-19:00, t\u00f6\u00f6p\u00e4evati 10:00-18:00, laup\u00e4evati 10:00-15:00. Pakki hoiame esinduses 14 p\u00e4eva.<\/p><p>Paki v\u00e4ljastamine toimub isikut t\u00f5endava dokumendi alusel.<\/p><p><strong>Omniva pakiautomaat<\/strong><br \/>Kohaletoimetus Omniva pakiautomaatidesse \u00fcle Eesti.<br \/><a href=\"https:\/\/www.omniva.ee\/abi\/kaart\" target=\"_blank\" rel=\"noopener\">Vaata siit pakiautomaatide asukohti ja t\u00e4itmise kella-aegasid<\/a><\/p><p>T\u00f6\u00f6p\u00e4evadel enne 10:00 tasutud tellimused j\u00f5uavad teieni juba j\u00e4rgmisel p\u00e4eval.<br \/>Kui pakk j\u00f5uab pakiautomaati, saadetakse tellimuses m\u00e4rgitud mobiiltelefoni numbrile SMS uksekoodiga.<br \/>Uksekood tuleb sisestada pakiautomaati ning seepeale avaneb kapp kus on teile saadetud pakk.<br \/>Pakile on v\u00f5imalik j\u00e4rgi minna 7 t\u00f6\u00f6p\u00e4eva jooksul alates selle j\u00f5udmisest pakiautomaati.<\/p><p><strong>\u00dcldine<\/strong><br \/>Peale tellimuse saamist edastame Teile e-postile arve ning kinnituskirja tellimuse t\u00e4itmisele v\u00f5tmise kohta.<\/p><p>Kui olete \u00fche tellimusega tellinud erineva tarneajaga tooteid, siis Tellimuse k\u00e4ttetoimetamise aeg arvestatakse k\u00f5ige pikema tarneajaga toote j\u00e4rgi v\u00f5i saadetakse teile tellitud tooted eraldi saadetistena.<\/p><p>[\/et_pb_text][\/et_pb_column][\/et_pb_row][\/et_pb_section]<\/p>","_et_gb_content_width":"","footnotes":""},"dipi_cpt_category":[],"class_list":["post-358","page","type-page","status-publish","hentry"],"_links":{"self":[{"href":"https:\/\/vivasan.ee\/ru\/wp-json\/wp\/v2\/pages\/358","targetHints":{"allow":["GET"]}}],"collection":[{"href":"https:\/\/vivasan.ee\/ru\/wp-json\/wp\/v2\/pages"}],"about":[{"href":"https:\/\/vivasan.ee\/ru\/wp-json\/wp\/v2\/types\/page"}],"author":[{"embeddable":true,"href":"https:\/\/vivasan.ee\/ru\/wp-json\/wp\/v2\/users\/2"}],"replies":[{"embeddable":true,"href":"https:\/\/vivasan.ee\/ru\/wp-json\/wp\/v2\/comments?post=358"}],"version-history":[{"count":4,"href":"https:\/\/vivasan.ee\/ru\/wp-json\/wp\/v2\/pages\/358\/revisions"}],"predecessor-version":[{"id":1198,"href":"https:\/\/vivasan.ee\/ru\/wp-json\/wp\/v2\/pages\/358\/revisions\/1198"}],"wp:attachment":[{"href":"https:\/\/vivasan.ee\/ru\/wp-json\/wp\/v2\/media?parent=358"}],"wp:term":[{"taxonomy":"dipi_cpt_category","embeddable":true,"href":"https:\/\/vivasan.ee\/ru\/wp-json\/wp\/v2\/dipi_cpt_category?post=358"}],"curies":[{"name":"wp","href":"https:\/\/api.w.org\/{rel}","templated":true}]}}