{"id":365,"date":"2025-06-12T11:55:23","date_gmt":"2025-06-12T08:55:23","guid":{"rendered":"https:\/\/vivasan.ee\/?page_id=365"},"modified":"2025-08-28T11:49:38","modified_gmt":"2025-08-28T08:49:38","slug":"tagastamine","status":"publish","type":"page","link":"https:\/\/vivasan.ee\/ru\/tagastamine\/","title":{"rendered":"Tagastamine"},"content":{"rendered":"<p>[et_pb_section fb_built=&#187;1&#8243; _builder_version=&#187;4.16&#8243; global_colors_info=&#187;{}&#187;][et_pb_row _builder_version=&#187;4.16&#8243; background_size=&#187;initial&#187; background_position=&#187;top_left&#187; background_repeat=&#187;repeat&#187; global_colors_info=&#187;{}&#187;][et_pb_column type=&#187;4_4&#8243; _builder_version=&#187;4.16&#8243; custom_padding=&#187;|||&#187; global_colors_info=&#187;{}&#187; custom_padding__hover=&#187;|||&#187;][et_pb_text _builder_version=&#187;4.27.4&#8243; background_size=&#187;initial&#187; background_position=&#187;top_left&#187; background_repeat=&#187;repeat&#187; hover_enabled=&#187;0&#8243; global_colors_info=&#187;{}&#187; sticky_enabled=&#187;0&#8243;]<\/p>\n<h1>Tagastamine<\/h1>\n<p>Vastavalt V\u00f5la\u00f5igusseaduse \u00a7-le 56 v\u00f5ib tarbija sidevahendi abil s\u00f5lmitud lepingust taganeda 14 p\u00e4eva jooksul. T\u00e4htaeg algab p\u00e4evast, mil kaup on j\u00f5udnud tarbijani.<\/p>\n<p>Tagastamis\u00f5igus puudub kaubal, mis on valmistatud, arvestades lepingupooleks oleva tellija isiklikke vajadusi v\u00f5i mis on valmistatud kliendi esitatud tingimuste kohaselt.<\/p>\n<p>Kui ostja lepingust taganeb, tagastame talle tema poolt tasutud summa v\u00f5imalikult kiiresti, kuid mitte hiljem kui 14 p\u00e4eva jooksul peale tagastatud kauba tagasisaamist. Ostja peab m\u00fc\u00fcjalt saadud kauba tagastama viivitamata, kuid mitte hiljem kui 14 p\u00e4eva jooksul taganemisavalduse \u00e4rasaatmisest.<\/p>\n<p>Taganemis\u00f5iguse kasutamiseks tuleb:<br \/>\nSaata avaldus e-posti aadressile\u00a0<a href=\"mailto:info@vivasan.ee\">info@vivasan.ee<\/a>\u00a0j\u00e4rgneva infoga:<\/p>\n<p>&#8212; tagastatava v\u00f5i tellitud toote nimetus<br \/>\n&#8212; tellimuse esitamise p\u00e4ev<br \/>\n&#8212; toote k\u00e4ttesaamise p\u00e4ev<br \/>\n&#8212; ostja nimi, perekonnanimi<br \/>\n&#8212; fotod tootest, kui v\u00f5imalik<br \/>\n&#8212; ostja kontaktandmed<\/p>\n<p>Tagastatav kaup peab olema selgelt kasutamata ja originaalpakendis. Kui kaup on originaalpakendist inspekteerimiseks eemaldatud, ei tohi see olla kasutatud ja kaupa tuleb vaadelda samadel tingimustel justkui tehtaks seda f\u00fc\u00fcsilises poes. Originaalpakendist eemaldatud kaup tuleb uuesti pakendada viisil, et see ei saaks tagasisaatmise k\u00e4igus kannatada.<\/p>\n<p>Kauba eest tasutud summa tagastame 14 p\u00e4eva jooksul \u00fclekandega Teie poolt ostu sooritamiseks kasutatud pangakontole.<br \/>\n[\/et_pb_text][\/et_pb_column][\/et_pb_row][\/et_pb_section]<\/p>\n","protected":false},"excerpt":{"rendered":"<p>Tagastamine Vastavalt V\u00f5la\u00f5igusseaduse \u00a7-le 56 v\u00f5ib tarbija sidevahendi abil s\u00f5lmitud lepingust taganeda 14 p\u00e4eva jooksul. T\u00e4htaeg algab p\u00e4evast, mil kaup on j\u00f5udnud tarbijani. Tagastamis\u00f5igus puudub kaubal, mis on valmistatud, arvestades lepingupooleks oleva tellija isiklikke vajadusi v\u00f5i mis on valmistatud kliendi esitatud tingimuste kohaselt. Kui ostja lepingust taganeb, tagastame talle tema poolt tasutud summa v\u00f5imalikult kiiresti, [&hellip;]<\/p>\n","protected":false},"author":2,"featured_media":0,"parent":0,"menu_order":0,"comment_status":"closed","ping_status":"closed","template":"","meta":{"_et_pb_use_builder":"on","_et_pb_old_content":"<p>[et_pb_section fb_built=\"1\" _builder_version=\"4.16\" global_colors_info=\"{}\"][et_pb_row _builder_version=\"4.16\" background_size=\"initial\" background_position=\"top_left\" background_repeat=\"repeat\" global_colors_info=\"{}\"][et_pb_column type=\"4_4\" _builder_version=\"4.16\" custom_padding=\"|||\" global_colors_info=\"{}\" custom_padding__hover=\"|||\"][et_pb_text _builder_version=\"4.27.4\" background_size=\"initial\" background_position=\"top_left\" background_repeat=\"repeat\" hover_enabled=\"0\" global_colors_info=\"{}\" sticky_enabled=\"0\"]<\/p><h1>Tagastamine<\/h1><p>Vastavalt V\u00f5la\u00f5igusseaduse \u00a7-le 56 v\u00f5ib tarbija sidevahendi abil s\u00f5lmitud lepingust taganeda 14 p\u00e4eva jooksul. T\u00e4htaeg algab p\u00e4evast, mil kaup on j\u00f5udnud tarbijani.<\/p><p>Tagastamis\u00f5igus puudub kaubal, mis on valmistatud, arvestades lepingupooleks oleva tellija isiklikke vajadusi v\u00f5i mis on valmistatud kliendi esitatud tingimuste kohaselt.<\/p><p>Kui ostja lepingust taganeb, tagastame talle tema poolt tasutud summa v\u00f5imalikult kiiresti, kuid mitte hiljem kui 14 p\u00e4eva jooksul peale tagastatud kauba tagasisaamist. Ostja peab m\u00fc\u00fcjalt saadud kauba tagastama viivitamata, kuid mitte hiljem kui 14 p\u00e4eva jooksul taganemisavalduse \u00e4rasaatmisest.<\/p><p>Taganemis\u00f5iguse kasutamiseks tuleb:<br \/>Saata avaldus e-posti aadressile\u00a0<a href=\"mailto:info@e-vivasan.com\">info@e-vivasan.com<\/a>\u00a0j\u00e4rgneva infoga:<\/p><p>- tagastatava v\u00f5i tellitud toote nimetus<br \/>- tellimuse esitamise p\u00e4ev<br \/>- toote k\u00e4ttesaamise p\u00e4ev<br \/>- ostja nimi, perekonnanimi<br \/>- fotod tootest, kui v\u00f5imalik<br \/>- ostja kontaktandmed<\/p><p>Tagastatav kaup peab olema selgelt kasutamata ja originaalpakendis. Kui kaup on originaalpakendist inspekteerimiseks eemaldatud, ei tohi see olla kasutatud ja kaupa tuleb vaadelda samadel tingimustel justkui tehtaks seda f\u00fc\u00fcsilises poes. Originaalpakendist eemaldatud kaup tuleb uuesti pakendada viisil, et see ei saaks tagasisaatmise k\u00e4igus kannatada.<\/p><p>Kauba eest tasutud summa tagastame 14 p\u00e4eva jooksul \u00fclekandega Teie poolt ostu sooritamiseks kasutatud pangakontole.<\/p><p>[\/et_pb_text][\/et_pb_column][\/et_pb_row][\/et_pb_section]<\/p>","_et_gb_content_width":"","footnotes":""},"dipi_cpt_category":[],"class_list":["post-365","page","type-page","status-publish","hentry"],"_links":{"self":[{"href":"https:\/\/vivasan.ee\/ru\/wp-json\/wp\/v2\/pages\/365","targetHints":{"allow":["GET"]}}],"collection":[{"href":"https:\/\/vivasan.ee\/ru\/wp-json\/wp\/v2\/pages"}],"about":[{"href":"https:\/\/vivasan.ee\/ru\/wp-json\/wp\/v2\/types\/page"}],"author":[{"embeddable":true,"href":"https:\/\/vivasan.ee\/ru\/wp-json\/wp\/v2\/users\/2"}],"replies":[{"embeddable":true,"href":"https:\/\/vivasan.ee\/ru\/wp-json\/wp\/v2\/comments?post=365"}],"version-history":[{"count":3,"href":"https:\/\/vivasan.ee\/ru\/wp-json\/wp\/v2\/pages\/365\/revisions"}],"predecessor-version":[{"id":1201,"href":"https:\/\/vivasan.ee\/ru\/wp-json\/wp\/v2\/pages\/365\/revisions\/1201"}],"wp:attachment":[{"href":"https:\/\/vivasan.ee\/ru\/wp-json\/wp\/v2\/media?parent=365"}],"wp:term":[{"taxonomy":"dipi_cpt_category","embeddable":true,"href":"https:\/\/vivasan.ee\/ru\/wp-json\/wp\/v2\/dipi_cpt_category?post=365"}],"curies":[{"name":"wp","href":"https:\/\/api.w.org\/{rel}","templated":true}]}}