{"id":375,"date":"2025-06-12T11:56:30","date_gmt":"2025-06-12T08:56:30","guid":{"rendered":"https:\/\/vivasan.ee\/?page_id=375"},"modified":"2025-08-28T11:50:53","modified_gmt":"2025-08-28T08:50:53","slug":"garantii","status":"publish","type":"page","link":"https:\/\/vivasan.ee\/ru\/garantii\/","title":{"rendered":"Garantii"},"content":{"rendered":"<p>[et_pb_section fb_built=&#187;1&#8243; admin_label=&#187;section&#187; _builder_version=&#187;4.16&#8243; global_colors_info=&#187;{}&#187;][et_pb_row admin_label=&#187;row&#187; _builder_version=&#187;4.16&#8243; background_size=&#187;initial&#187; background_position=&#187;top_left&#187; background_repeat=&#187;repeat&#187; global_colors_info=&#187;{}&#187;][et_pb_column type=&#187;4_4&#8243; _builder_version=&#187;4.16&#8243; custom_padding=&#187;|||&#187; global_colors_info=&#187;{}&#187; custom_padding__hover=&#187;|||&#187;][et_pb_text admin_label=&#187;Text&#187; _builder_version=&#187;4.27.4&#8243; background_size=&#187;initial&#187; background_position=&#187;top_left&#187; background_repeat=&#187;repeat&#187; hover_enabled=&#187;0&#8243; global_colors_info=&#187;{}&#187; sticky_enabled=&#187;0&#8243;]<\/p>\n<h1>Garantii<\/h1>\n<p>Vastavalt V\u00f5la\u00f5igusseaduse \u00a7-le 218 vastutab m\u00fc\u00fcja kauba lepingutingimustele mittevastavuse eest, mis ilmneb 2 aasta jooksul kauba \u00fcleandmisest ostjale.<\/p>\n<p>Sealjuures eeldatakse, et 6 kuu jooksul kauba ostjale \u00fcleandmise p\u00e4evast ilmnenud lepingutingimustele mittevastavus oli olemas asja \u00fcleandmise ajal, kui selline eeldus ei ole vastuolus kauba v\u00f5i puuduse olemusega.<\/p>\n<p>Puuduse ilmnemisel tuleb:<br \/>\na) Saata vastavasisuline avaldus e-post aadressile\u00a0<a href=\"mailto:info@vivasan.ee\">info@vivasan.ee<\/a>, kus oleks v\u00f5imalikult t\u00e4pselt kirjeldatud avastatud puudust.<br \/>\nb) Lisada v\u00f5imalusel piltmaterjal.<br \/>\nc) M\u00e4rkida avalduses \u00e4ra oma kontaktandmed.<\/p>\n<p>Peale avalduse meile saabumist v\u00f5tame Teiega \u00fchendust 7 p\u00e4eva jooksul, et leppida kokku edasine tegevus puuduse \u00fcle vaatamiseks ja parandamiseks.<br \/>\n[\/et_pb_text][\/et_pb_column][\/et_pb_row][\/et_pb_section]<\/p>\n","protected":false},"excerpt":{"rendered":"<p>Garantii Vastavalt V\u00f5la\u00f5igusseaduse \u00a7-le 218 vastutab m\u00fc\u00fcja kauba lepingutingimustele mittevastavuse eest, mis ilmneb 2 aasta jooksul kauba \u00fcleandmisest ostjale. Sealjuures eeldatakse, et 6 kuu jooksul kauba ostjale \u00fcleandmise p\u00e4evast ilmnenud lepingutingimustele mittevastavus oli olemas asja \u00fcleandmise ajal, kui selline eeldus ei ole vastuolus kauba v\u00f5i puuduse olemusega. Puuduse ilmnemisel tuleb: a) Saata vastavasisuline avaldus e-post [&hellip;]<\/p>\n","protected":false},"author":2,"featured_media":0,"parent":0,"menu_order":0,"comment_status":"closed","ping_status":"closed","template":"","meta":{"_et_pb_use_builder":"on","_et_pb_old_content":"<p>[et_pb_section fb_built=\"1\" admin_label=\"section\" _builder_version=\"4.16\" global_colors_info=\"{}\"][et_pb_row admin_label=\"row\" _builder_version=\"4.16\" background_size=\"initial\" background_position=\"top_left\" background_repeat=\"repeat\" global_colors_info=\"{}\"][et_pb_column type=\"4_4\" _builder_version=\"4.16\" custom_padding=\"|||\" global_colors_info=\"{}\" custom_padding__hover=\"|||\"][et_pb_text admin_label=\"Text\" _builder_version=\"4.27.4\" background_size=\"initial\" background_position=\"top_left\" background_repeat=\"repeat\" hover_enabled=\"0\" global_colors_info=\"{}\" sticky_enabled=\"0\"]<\/p><h1>Garantii<\/h1><p>Vastavalt V\u00f5la\u00f5igusseaduse \u00a7-le 218 vastutab m\u00fc\u00fcja kauba lepingutingimustele mittevastavuse eest, mis ilmneb 2 aasta jooksul kauba \u00fcleandmisest ostjale.<\/p><p>Sealjuures eeldatakse, et 6 kuu jooksul kauba ostjale \u00fcleandmise p\u00e4evast ilmnenud lepingutingimustele mittevastavus oli olemas asja \u00fcleandmise ajal, kui selline eeldus ei ole vastuolus kauba v\u00f5i puuduse olemusega.<\/p><p>Puuduse ilmnemisel tuleb:<br \/>a) Saata vastavasisuline avaldus e-post aadressile\u00a0<a href=\"mailto:info@e-vivasan.com\">info@e-vivasan.com<\/a>, kus oleks v\u00f5imalikult t\u00e4pselt kirjeldatud avastatud puudust.<br \/>b) Lisada v\u00f5imalusel piltmaterjal.<br \/>c) M\u00e4rkida avalduses \u00e4ra oma kontaktandmed.<\/p><p>Peale avalduse meile saabumist v\u00f5tame Teiega \u00fchendust 7 p\u00e4eva jooksul, et leppida kokku edasine tegevus puuduse \u00fcle vaatamiseks ja parandamiseks.<\/p><p>[\/et_pb_text][\/et_pb_column][\/et_pb_row][\/et_pb_section]<\/p>","_et_gb_content_width":"","footnotes":""},"dipi_cpt_category":[],"class_list":["post-375","page","type-page","status-publish","hentry"],"_links":{"self":[{"href":"https:\/\/vivasan.ee\/ru\/wp-json\/wp\/v2\/pages\/375","targetHints":{"allow":["GET"]}}],"collection":[{"href":"https:\/\/vivasan.ee\/ru\/wp-json\/wp\/v2\/pages"}],"about":[{"href":"https:\/\/vivasan.ee\/ru\/wp-json\/wp\/v2\/types\/page"}],"author":[{"embeddable":true,"href":"https:\/\/vivasan.ee\/ru\/wp-json\/wp\/v2\/users\/2"}],"replies":[{"embeddable":true,"href":"https:\/\/vivasan.ee\/ru\/wp-json\/wp\/v2\/comments?post=375"}],"version-history":[{"count":3,"href":"https:\/\/vivasan.ee\/ru\/wp-json\/wp\/v2\/pages\/375\/revisions"}],"predecessor-version":[{"id":1204,"href":"https:\/\/vivasan.ee\/ru\/wp-json\/wp\/v2\/pages\/375\/revisions\/1204"}],"wp:attachment":[{"href":"https:\/\/vivasan.ee\/ru\/wp-json\/wp\/v2\/media?parent=375"}],"wp:term":[{"taxonomy":"dipi_cpt_category","embeddable":true,"href":"https:\/\/vivasan.ee\/ru\/wp-json\/wp\/v2\/dipi_cpt_category?post=375"}],"curies":[{"name":"wp","href":"https:\/\/api.w.org\/{rel}","templated":true}]}}