{"id":388,"date":"2025-06-12T12:08:16","date_gmt":"2025-06-12T09:08:16","guid":{"rendered":"https:\/\/vivasan.ee\/?page_id=388"},"modified":"2025-08-28T11:54:36","modified_gmt":"2025-08-28T08:54:36","slug":"privaatsuspoliitika","status":"publish","type":"page","link":"https:\/\/vivasan.ee\/ru\/privaatsuspoliitika\/","title":{"rendered":"Privaatsuspoliitika"},"content":{"rendered":"<p>[et_pb_section fb_built=&#187;1&#8243; _builder_version=&#187;4.16&#8243; global_colors_info=&#187;{}&#187;][et_pb_row _builder_version=&#187;4.16&#8243; background_size=&#187;initial&#187; background_position=&#187;top_left&#187; background_repeat=&#187;repeat&#187; global_colors_info=&#187;{}&#187;][et_pb_column type=&#187;4_4&#8243; _builder_version=&#187;4.16&#8243; custom_padding=&#187;|||&#187; global_colors_info=&#187;{}&#187; custom_padding__hover=&#187;|||&#187;][et_pb_text _builder_version=&#187;4.27.4&#8243; background_size=&#187;initial&#187; background_position=&#187;top_left&#187; background_repeat=&#187;repeat&#187; hover_enabled=&#187;0&#8243; global_colors_info=&#187;{}&#187; sticky_enabled=&#187;0&#8243;]<\/p>\n<h1>Privaatsuspoliitika<\/h1>\n<p><strong>1. KLIENDI ISIKUANDMETE K\u00c4ITLEMINE<\/strong><br \/>\n1.1. Klient annab k\u00e4esolevaga M\u00fc\u00fcjale n\u00f5usoleku enda isikuandmete t\u00f6\u00f6tlemiseks.<br \/>\n1.2. Tellimuse esitamisel Kliendi poolt sisestatud M\u00fc\u00fcjale teatavaks saanud Kliendi isikuandmed kantakse kliendiregistrisse ning neid kasutatakse M\u00fc\u00fcgilepingu t\u00e4itmiseks ja Toodete pakkumiseks Kliendile. Klient n\u00f5ustub oma kontaktandmete kasutamisega M\u00fc\u00fcjalt pakkumiste saamiseks. Kliendil on igal ajal \u00f5igus esitada taotlus pakkumiste saatmise l\u00f5petamiseks ja\/v\u00f5i kontaktandmete kustutamiseks andmebaasist.<br \/>\n1.3. Kaardiandmete k\u00fcsimisel kasutatakse turvas\u00fcsteeme, mis vastavad majandus- ja kutsetegevuse valdkonnas keskmisele m\u00f5istlikule tasemele.<br \/>\n1.4. M\u00fc\u00fcja ei n\u00e4e Kliendi pangakaardi andmeid. Tehingu tegemiseks suunatakse Klient kolmandast isikust Kaardikeskuse turvalisesse keskkonda. Maksmise hetkel toimub Kliendi kaardiandmete sisestus Kliendi poolt Kaardikeskuse serveris paiknevasse andmebaasi ning andmeid s\u00e4ilitatakse samuti Kaardikeskuses paiknevas serveris. M\u00fc\u00fcja ei vastuta Kaardikeskuse poolt andmete kasutamise eest.<br \/>\n1.5. Isikuandmete allikaks ning nende t\u00f6\u00f6tlemise aluseks on Kasutustingimustel kliendisuhte tekkimine e-poes tellimuse registreerimisel. Isikuandmete t\u00f6\u00f6tlemine on lepingulise suhte tingimuseks.<br \/>\n1.6. Registreeritavate isikuandmete koosseisu kuuluvad andmed Kliendi tellimuse kohta &#8212; isikukood, perekonnanimi, eesnimi (eesnimed), t\u00e4nav, maja, korteri number, asula v\u00f5i linn, postiindeks, telefoninumber, aadress, makseviis, Kasutustingimustega n\u00f5ustumine ja m\u00fc\u00fcgipakkumiste saatmisega n\u00f5ustumine.<br \/>\n1.7. Isikuandmeid t\u00f6\u00f6tleb Vivasan Eesti O\u00dc, registrikoodiga 10819511, aadressiga Narva mnt 7B, Tallinn, Harju maakond, 10117.<br \/>\n1.8. Kliendi isikuandmeid, mis on vajalikud Toote vahendamiseks Kliendile, edastatakse veoteenust osutavale ettev\u00f5ttele. Juhul kui see on M\u00fc\u00fcgilepingu iseloomust tulenevalt vajalik edastatakse Kliendi isikuandmed Tootjale.<br \/>\n1.9. Kliendi isikuandmete kaitse on tagatud k\u00f5igi seadusest tulenevate n\u00f5uetega.<br \/>\n1.10. M\u00fc\u00fcja kohustub mitte edastama registreeritud isikuandmeid k\u00e4esolevates Kasutustingimustes m\u00e4rkimata kolmandatele isikutele.<br \/>\n1.11. M\u00fc\u00fcjal on \u00f5igus edastada Kliendi isikuandmeid kolmandatele isikutele juhul kui isikuandmete t\u00f6\u00f6tlemise kohustus tuleneb seadusest.<br \/>\n1.12. Kliendil on \u00f5igus kontrollida teda ennast puudutavaid isikuandmeid samuti neid muuta v\u00f5i paluda k\u00f5rvaldada oma isikuandmed M\u00fc\u00fcjalt, Tootja v\u00f5i veoteenuse osutaja registrist.<br \/>\n1.13. Klient annab M\u00fc\u00fcjale n\u00f5usoleku saata tellimuse esitamisel sisestatud e-posti aadressil tellimuse kinnitus.<br \/>\n1.14. Klient annab M\u00fc\u00fcjale n\u00f5usoleku saata reklaammaterjale ja m\u00fc\u00fcgipakkumisi tellimuse esitamisel sisestud Kliendi e-posti aadressil juhul, kui Klient on avaldanud tellimuse esitamisel soovi taolisi teateid saada (linnukesega vastavas aknas). Kliendil on \u00f5igus hiljem taoline n\u00f5usolek tagasi v\u00f5tta esitades vastavasisulise e-kirja e-postiaadressile\u00a0<a href=\"mailto:info@vivasan.ee\">info@vivasan.ee<\/a>.<br \/>\n1.15 Vivasan Eesti O\u00dc on isikuandmete vastutav t\u00f6\u00f6tleja, Vivasan Eesti O\u00dc edastab maksete teostamiseks vajalikud isikuandmed volitatud t\u00f6\u00f6tleja Maksekeskus AS-le.<\/p>\n<p><strong>ISIKUANDMETE T\u00d6\u00d6TLEMINE<\/strong><br \/>\nMilliseid isikuandmeid t\u00f6\u00f6deldakse<\/p>\n<p>&#8212; nimi, telefoninumber ja e-posti aadress;<br \/>\n&#8212; kauba kohaletoimetamise aadress;<br \/>\n&#8212; pangakonto number;<br \/>\n&#8212; kaupade ja teenuste maksumus ja maksetega seotud andmed (ostuajalugu);<br \/>\n&#8212; klienditoe andmed.<\/p>\n<p><strong>Mis eesm\u00e4rgil isikuandmeid t\u00f6\u00f6deldakse<\/strong><br \/>\nIsikuandmeid kasutatakse kliendi tellimuste haldamiseks ja kauba kohaletoimetamiseks.<br \/>\nOstuajaloo andmeid (ostu kuup\u00e4ev, kaup, kogus, kliendi andmed) kasutatakse ostetud kaupade ja teenuste \u00fclevaate koostamiseks ning kliendieelistuste anal\u00fc\u00fcsimiseks<br \/>\nPangakonto numbrit kasutatakse kliendile maksete tagastamiseks.<br \/>\nIsikuandmeid nagu e-post, telefoni nr, kliendi nimi, t\u00f6\u00f6deldakse selleks, et lahendada kaupade ja teenuste osutamise seonduvaid k\u00fcsimusi (klienditugi).<br \/>\nVeebipoe kasutaja IP-aadressi v\u00f5i teisi v\u00f5rguidentifikaatoreid t\u00f6\u00f6deldakse veebipoe kui info\u00fchiskonna teenuse osutamiseks ning veebikasutusstatistika tegemiseks.<\/p>\n<p><strong>\u00d5iguslik alus<\/strong><br \/>\nIsikuandmete t\u00f6\u00f6tlemine toimub kliendiga s\u00f5lmitud lepingu t\u00e4itmise eesm\u00e4rgil.<br \/>\nIsikuandmete t\u00f6\u00f6tlemine toimub juriidilise kohustuse t\u00e4itmiseks (nt raamatupidamine ja tarbijavaidluste lahendamine).<br \/>\nVastuv\u00f5tjad, kellele isikuandmed edastatakse<br \/>\nIsikuandmed edastatakse veebipoe klienditoele ostude ja ostuajaloo haldamiseks ja kliendiprobleemide lahendamiseks.<br \/>\nNimi, telefoninumber ja e-posti aadress edastatakse kliendi poolt valitud transporditeenuse pakkujale. Kui tegemist on kulleriga kohale toimetatava kaubaga, siis edastatakse lisaks kontaktandmetele ka kliendi aadress.<br \/>\nKui veebipoe raamatupidamine toimub teenusepakkuja poolt, siis edastatakse isikuandmed teenusepakkujale raamatupidamistoimingute tegemiseks.<br \/>\nIsikuandmeid v\u00f5idakse edastada infotehnoloogia teenuste pakkujatele, kui see on vajalik veebipoe funktsionaalsuse v\u00f5i andmemajutuse tagamiseks.<\/p>\n<p><strong>Turvalisus ja andmetele ligip\u00e4\u00e4s<\/strong><br \/>\nIsikuandmeid hoitakse Zone Media O\u00dc serverites, mis asuvad Euroopa Liidu liikmesriigi v\u00f5i Euroopa Liidu majanduspiirkonnaga liitunud riikide territooriumil. Andmeid v\u00f5idakse edastada riikidesse, mille andmekaitse taset on Euroopa Komisjon hinnanud piisavaks ning USA ettev\u00f5tetele, kes on liitund andmekaitse kilbi (Privacy Shield) raamistikuga.<br \/>\nJuurdep\u00e4\u00e4s isikuandmetele on veebipoe t\u00f6\u00f6tajatel, kes saavad isikuandmetega tutvuda selleks, et lahendada veebipoe kasutamisega seonduvaid tehnilisi k\u00fcsimusi ning osutada klienditoe teenust.<br \/>\nVeebipood rakendab asjakohaseid f\u00fc\u00fcsilisi, organisatsioonilisi ja infotehnilisi turvameetmeid, et kaitsta isikuandmeid juhusliku v\u00f5i ebaseadusliku h\u00e4vitamise, kaotsimineku, muutmise v\u00f5i loata juurdep\u00e4\u00e4su ja avalikustamise eest.<br \/>\nIsikuandmete edastamine veebipoe volitatud t\u00f6\u00f6tlejatele (nt transporditeenuse pakkuja ja andmemajutus) isikuandmete t\u00f6\u00f6tlemine toimub veebipoe ja volitatud t\u00f6\u00f6tlejatega s\u00f5lmitud lepingute alusel. Volitatud t\u00f6\u00f6tlejaid on kohustatud tagama isikuandmete t\u00f6\u00f6tlemisel asjakohased kaitsemeetmed.<\/p>\n<p><strong>Isikuandmetega tutvumine ja parandamine<\/strong><br \/>\nIsikuandmetega saab tutvuda ja teha parandusi veebipoe kasutajaprofiilis. Kui ost on sooritatud ilma kasutajakontota, siis saab tutvuda isikuandmetega klinditoe vahendusel.<\/p>\n<p><strong>N\u00f5usoleku tagasiv\u00f5tmine<\/strong><br \/>\nKui isikundmete t\u00f6\u00f6tlemine toimub kliendi n\u00f5usoleku alusel, siis on kliendil \u00f5igus n\u00f5usolek tagasi v\u00f5tta teavitades sellest kliendituge e-posti teel.<\/p>\n<p><strong>S\u00e4ilitamine<\/strong><br \/>\nVeebipoe kliendikonto sulgemisel kustutatakse isikuandmed, va juhul kui selliseid andmeid on vaja s\u00e4ilitada raamatupidamise jaoks v\u00f5i tarbijavaidluste lahendamiseks.<br \/>\nKui veebipoes on ost sooritatud ilma kliendikontota, siis s\u00e4ilitatakse ostuajalugu kolm aastat.<br \/>\nMaksetega ja tarbijavaidlustega seotud vaidluste korral s\u00e4ilitatakse isikuandmed kuni n\u00f5ude t\u00e4itmiseni v\u00f5i aegumist\u00e4htaja l\u00f5puni (kolm aastat).<br \/>\nRaamatupidamise jaoks vajalikud isikuandmed s\u00e4ilitatakse seitse aastat.<\/p>\n<p><strong>Kustutamine<\/strong><br \/>\nIsikuandmete kustutamiseks tuleb v\u00f5tta \u00fchendust klienditoega e-posti teel. Kustutamistaotlusele vastatakse mitte hiljem kui kuu aja jooksul ning t\u00e4psustakse andmete kustutamise perioodi.<\/p>\n<p><strong>\u00dclekandmine<\/strong><br \/>\nE-posti teel esitatud \u00fclekandmise taotlusele vastatakse hiljemalt kuu aja jooksul. Klienditugi tuvastab isikusamasuse ja teavitab \u00fclekandmisele kohalduvatest isikuandmetest.<\/p>\n<p><strong>Otseturustusteated<\/strong><br \/>\nE-kirja aadressi ja telefoninumbrit kasutatakse otseturundusteadete saatmiseks, kui klient on andnud vastava n\u00f5usoleku. Kui klient ei soovi saada otseturustusteateid, siis tuleb valida e-kirja p\u00e4ises vastav viide v\u00f5i v\u00f5tta \u00fchendust klienditoega.<br \/>\nKui isikuandmeid t\u00f6\u00f6deldakse otseturunduse eesm\u00e4rgil (profileerimine), on kliendil \u00f5igus oma isikuandmete nii algse kui ka edasise t\u00f6\u00f6tlemise, sealhulgas otseturundusega seotud profiilianal\u00fc\u00fcsi tegemise suhtes igal ajal vastuv\u00e4iteid esitada teavitades sellest kliendituge e-posti teel.<\/p>\n<p><strong>Vaidluste lahendamine<\/strong><br \/>\nIsikuandmete t\u00f6\u00f6tlemisega seotud vaidluste lahendamine toimub klienditoe vahendusel (<a href=\"mailto:info@vivasan.ee\">info@vivasan.ee<\/a>). J\u00e4relevalveasutus on Eesti Andmekaitse Inspektsioon (info@aki.ee).[\/et_pb_text][\/et_pb_column][\/et_pb_row][\/et_pb_section]<\/p>\n","protected":false},"excerpt":{"rendered":"<p>Privaatsuspoliitika 1. KLIENDI ISIKUANDMETE K\u00c4ITLEMINE 1.1. Klient annab k\u00e4esolevaga M\u00fc\u00fcjale n\u00f5usoleku enda isikuandmete t\u00f6\u00f6tlemiseks. 1.2. Tellimuse esitamisel Kliendi poolt sisestatud M\u00fc\u00fcjale teatavaks saanud Kliendi isikuandmed kantakse kliendiregistrisse ning neid kasutatakse M\u00fc\u00fcgilepingu t\u00e4itmiseks ja Toodete pakkumiseks Kliendile. Klient n\u00f5ustub oma kontaktandmete kasutamisega M\u00fc\u00fcjalt pakkumiste saamiseks. Kliendil on igal ajal \u00f5igus esitada taotlus pakkumiste saatmise l\u00f5petamiseks ja\/v\u00f5i [&hellip;]<\/p>\n","protected":false},"author":2,"featured_media":0,"parent":0,"menu_order":0,"comment_status":"closed","ping_status":"closed","template":"","meta":{"_et_pb_use_builder":"on","_et_pb_old_content":"<p>[et_pb_section fb_built=\"1\" _builder_version=\"4.16\" global_colors_info=\"{}\"][et_pb_row _builder_version=\"4.16\" background_size=\"initial\" background_position=\"top_left\" background_repeat=\"repeat\" global_colors_info=\"{}\"][et_pb_column type=\"4_4\" _builder_version=\"4.16\" custom_padding=\"|||\" global_colors_info=\"{}\" custom_padding__hover=\"|||\"][et_pb_text _builder_version=\"4.27.4\" background_size=\"initial\" background_position=\"top_left\" background_repeat=\"repeat\" hover_enabled=\"0\" global_colors_info=\"{}\" sticky_enabled=\"0\"]<\/p><h1>Privaatsuspoliitika<\/h1><p><strong>1. KLIENDI ISIKUANDMETE K\u00c4ITLEMINE<\/strong><br \/>1.1. Klient annab k\u00e4esolevaga M\u00fc\u00fcjale n\u00f5usoleku enda isikuandmete t\u00f6\u00f6tlemiseks.<br \/>1.2. Tellimuse esitamisel Kliendi poolt sisestatud M\u00fc\u00fcjale teatavaks saanud Kliendi isikuandmed kantakse kliendiregistrisse ning neid kasutatakse M\u00fc\u00fcgilepingu t\u00e4itmiseks ja Toodete pakkumiseks Kliendile. Klient n\u00f5ustub oma kontaktandmete kasutamisega M\u00fc\u00fcjalt pakkumiste saamiseks. Kliendil on igal ajal \u00f5igus esitada taotlus pakkumiste saatmise l\u00f5petamiseks ja\/v\u00f5i kontaktandmete kustutamiseks andmebaasist.<br \/>1.3. Kaardiandmete k\u00fcsimisel kasutatakse turvas\u00fcsteeme, mis vastavad majandus- ja kutsetegevuse valdkonnas keskmisele m\u00f5istlikule tasemele.<br \/>1.4. M\u00fc\u00fcja ei n\u00e4e Kliendi pangakaardi andmeid. Tehingu tegemiseks suunatakse Klient kolmandast isikust Kaardikeskuse turvalisesse keskkonda. Maksmise hetkel toimub Kliendi kaardiandmete sisestus Kliendi poolt Kaardikeskuse serveris paiknevasse andmebaasi ning andmeid s\u00e4ilitatakse samuti Kaardikeskuses paiknevas serveris. M\u00fc\u00fcja ei vastuta Kaardikeskuse poolt andmete kasutamise eest.<br \/>1.5. Isikuandmete allikaks ning nende t\u00f6\u00f6tlemise aluseks on Kasutustingimustel kliendisuhte tekkimine e-poes tellimuse registreerimisel. Isikuandmete t\u00f6\u00f6tlemine on lepingulise suhte tingimuseks.<br \/>1.6. Registreeritavate isikuandmete koosseisu kuuluvad andmed Kliendi tellimuse kohta - isikukood, perekonnanimi, eesnimi (eesnimed), t\u00e4nav, maja, korteri number, asula v\u00f5i linn, postiindeks, telefoninumber, aadress, makseviis, Kasutustingimustega n\u00f5ustumine ja m\u00fc\u00fcgipakkumiste saatmisega n\u00f5ustumine.<br \/>1.7. Isikuandmeid t\u00f6\u00f6tleb Vivasan Eesti O\u00dc, registrikoodiga 10819511, aadressiga Narva mnt 7B, Tallinn, Harju maakond, 10117.<br \/>1.8. Kliendi isikuandmeid, mis on vajalikud Toote vahendamiseks Kliendile, edastatakse veoteenust osutavale ettev\u00f5ttele. Juhul kui see on M\u00fc\u00fcgilepingu iseloomust tulenevalt vajalik edastatakse Kliendi isikuandmed Tootjale.<br \/>1.9. Kliendi isikuandmete kaitse on tagatud k\u00f5igi seadusest tulenevate n\u00f5uetega.<br \/>1.10. M\u00fc\u00fcja kohustub mitte edastama registreeritud isikuandmeid k\u00e4esolevates Kasutustingimustes m\u00e4rkimata kolmandatele isikutele.<br \/>1.11. M\u00fc\u00fcjal on \u00f5igus edastada Kliendi isikuandmeid kolmandatele isikutele juhul kui isikuandmete t\u00f6\u00f6tlemise kohustus tuleneb seadusest.<br \/>1.12. Kliendil on \u00f5igus kontrollida teda ennast puudutavaid isikuandmeid samuti neid muuta v\u00f5i paluda k\u00f5rvaldada oma isikuandmed M\u00fc\u00fcjalt, Tootja v\u00f5i veoteenuse osutaja registrist.<br \/>1.13. Klient annab M\u00fc\u00fcjale n\u00f5usoleku saata tellimuse esitamisel sisestatud e-posti aadressil tellimuse kinnitus.<br \/>1.14. Klient annab M\u00fc\u00fcjale n\u00f5usoleku saata reklaammaterjale ja m\u00fc\u00fcgipakkumisi tellimuse esitamisel sisestud Kliendi e-posti aadressil juhul, kui Klient on avaldanud tellimuse esitamisel soovi taolisi teateid saada (linnukesega vastavas aknas). Kliendil on \u00f5igus hiljem taoline n\u00f5usolek tagasi v\u00f5tta esitades vastavasisulise e-kirja e-postiaadressile\u00a0<a href=\"mailto:info@e-vivasan.com\">info@e-vivasan.com<\/a>.<br \/>1.15 Vivasan Eesti O\u00dc on isikuandmete vastutav t\u00f6\u00f6tleja, Vivasan Eesti O\u00dc edastab maksete teostamiseks vajalikud isikuandmed volitatud t\u00f6\u00f6tleja Maksekeskus AS-le.<\/p><p><strong>ISIKUANDMETE T\u00d6\u00d6TLEMINE<\/strong><br \/>Milliseid isikuandmeid t\u00f6\u00f6deldakse<\/p><p>- nimi, telefoninumber ja e-posti aadress;<br \/>- kauba kohaletoimetamise aadress;<br \/>- pangakonto number;<br \/>- kaupade ja teenuste maksumus ja maksetega seotud andmed (ostuajalugu);<br \/>- klienditoe andmed.<\/p><p><strong>Mis eesm\u00e4rgil isikuandmeid t\u00f6\u00f6deldakse<\/strong><br \/>Isikuandmeid kasutatakse kliendi tellimuste haldamiseks ja kauba kohaletoimetamiseks.<br \/>Ostuajaloo andmeid (ostu kuup\u00e4ev, kaup, kogus, kliendi andmed) kasutatakse ostetud kaupade ja teenuste \u00fclevaate koostamiseks ning kliendieelistuste anal\u00fc\u00fcsimiseks<br \/>Pangakonto numbrit kasutatakse kliendile maksete tagastamiseks.<br \/>Isikuandmeid nagu e-post, telefoni nr, kliendi nimi, t\u00f6\u00f6deldakse selleks, et lahendada kaupade ja teenuste osutamise seonduvaid k\u00fcsimusi (klienditugi).<br \/>Veebipoe kasutaja IP-aadressi v\u00f5i teisi v\u00f5rguidentifikaatoreid t\u00f6\u00f6deldakse veebipoe kui info\u00fchiskonna teenuse osutamiseks ning veebikasutusstatistika tegemiseks.<\/p><p><strong>\u00d5iguslik alus<\/strong><br \/>Isikuandmete t\u00f6\u00f6tlemine toimub kliendiga s\u00f5lmitud lepingu t\u00e4itmise eesm\u00e4rgil.<br \/>Isikuandmete t\u00f6\u00f6tlemine toimub juriidilise kohustuse t\u00e4itmiseks (nt raamatupidamine ja tarbijavaidluste lahendamine).<br \/>Vastuv\u00f5tjad, kellele isikuandmed edastatakse<br \/>Isikuandmed edastatakse veebipoe klienditoele ostude ja ostuajaloo haldamiseks ja kliendiprobleemide lahendamiseks.<br \/>Nimi, telefoninumber ja e-posti aadress edastatakse kliendi poolt valitud transporditeenuse pakkujale. Kui tegemist on kulleriga kohale toimetatava kaubaga, siis edastatakse lisaks kontaktandmetele ka kliendi aadress.<br \/>Kui veebipoe raamatupidamine toimub teenusepakkuja poolt, siis edastatakse isikuandmed teenusepakkujale raamatupidamistoimingute tegemiseks.<br \/>Isikuandmeid v\u00f5idakse edastada infotehnoloogia teenuste pakkujatele, kui see on vajalik veebipoe funktsionaalsuse v\u00f5i andmemajutuse tagamiseks.<\/p><p><strong>Turvalisus ja andmetele ligip\u00e4\u00e4s<\/strong><br \/>Isikuandmeid hoitakse Zone Media O\u00dc serverites, mis asuvad Euroopa Liidu liikmesriigi v\u00f5i Euroopa Liidu majanduspiirkonnaga liitunud riikide territooriumil. Andmeid v\u00f5idakse edastada riikidesse, mille andmekaitse taset on Euroopa Komisjon hinnanud piisavaks ning USA ettev\u00f5tetele, kes on liitund andmekaitse kilbi (Privacy Shield) raamistikuga.<br \/>Juurdep\u00e4\u00e4s isikuandmetele on veebipoe t\u00f6\u00f6tajatel, kes saavad isikuandmetega tutvuda selleks, et lahendada veebipoe kasutamisega seonduvaid tehnilisi k\u00fcsimusi ning osutada klienditoe teenust.<br \/>Veebipood rakendab asjakohaseid f\u00fc\u00fcsilisi, organisatsioonilisi ja infotehnilisi turvameetmeid, et kaitsta isikuandmeid juhusliku v\u00f5i ebaseadusliku h\u00e4vitamise, kaotsimineku, muutmise v\u00f5i loata juurdep\u00e4\u00e4su ja avalikustamise eest.<br \/>Isikuandmete edastamine veebipoe volitatud t\u00f6\u00f6tlejatele (nt transporditeenuse pakkuja ja andmemajutus) isikuandmete t\u00f6\u00f6tlemine toimub veebipoe ja volitatud t\u00f6\u00f6tlejatega s\u00f5lmitud lepingute alusel. Volitatud t\u00f6\u00f6tlejaid on kohustatud tagama isikuandmete t\u00f6\u00f6tlemisel asjakohased kaitsemeetmed.<\/p><p><strong>Isikuandmetega tutvumine ja parandamine<\/strong><br \/>Isikuandmetega saab tutvuda ja teha parandusi veebipoe kasutajaprofiilis. Kui ost on sooritatud ilma kasutajakontota, siis saab tutvuda isikuandmetega klinditoe vahendusel.<\/p><p><strong>N\u00f5usoleku tagasiv\u00f5tmine<\/strong><br \/>Kui isikundmete t\u00f6\u00f6tlemine toimub kliendi n\u00f5usoleku alusel, siis on kliendil \u00f5igus n\u00f5usolek tagasi v\u00f5tta teavitades sellest kliendituge e-posti teel.<\/p><p><strong>S\u00e4ilitamine<\/strong><br \/>Veebipoe kliendikonto sulgemisel kustutatakse isikuandmed, va juhul kui selliseid andmeid on vaja s\u00e4ilitada raamatupidamise jaoks v\u00f5i tarbijavaidluste lahendamiseks.<br \/>Kui veebipoes on ost sooritatud ilma kliendikontota, siis s\u00e4ilitatakse ostuajalugu kolm aastat.<br \/>Maksetega ja tarbijavaidlustega seotud vaidluste korral s\u00e4ilitatakse isikuandmed kuni n\u00f5ude t\u00e4itmiseni v\u00f5i aegumist\u00e4htaja l\u00f5puni (kolm aastat).<br \/>Raamatupidamise jaoks vajalikud isikuandmed s\u00e4ilitatakse seitse aastat.<\/p><p><strong>Kustutamine<\/strong><br \/>Isikuandmete kustutamiseks tuleb v\u00f5tta \u00fchendust klienditoega e-posti teel. Kustutamistaotlusele vastatakse mitte hiljem kui kuu aja jooksul ning t\u00e4psustakse andmete kustutamise perioodi.<\/p><p><strong>\u00dclekandmine<\/strong><br \/>E-posti teel esitatud \u00fclekandmise taotlusele vastatakse hiljemalt kuu aja jooksul. Klienditugi tuvastab isikusamasuse ja teavitab \u00fclekandmisele kohalduvatest isikuandmetest.<\/p><p><strong>Otseturustusteated<\/strong><br \/>E-kirja aadressi ja telefoninumbrit kasutatakse otseturundusteadete saatmiseks, kui klient on andnud vastava n\u00f5usoleku. Kui klient ei soovi saada otseturustusteateid, siis tuleb valida e-kirja p\u00e4ises vastav viide v\u00f5i v\u00f5tta \u00fchendust klienditoega.<br \/>Kui isikuandmeid t\u00f6\u00f6deldakse otseturunduse eesm\u00e4rgil (profileerimine), on kliendil \u00f5igus oma isikuandmete nii algse kui ka edasise t\u00f6\u00f6tlemise, sealhulgas otseturundusega seotud profiilianal\u00fc\u00fcsi tegemise suhtes igal ajal vastuv\u00e4iteid esitada teavitades sellest kliendituge e-posti teel.<\/p><p><strong>Vaidluste lahendamine<\/strong><br \/>Isikuandmete t\u00f6\u00f6tlemisega seotud vaidluste lahendamine toimub klienditoe vahendusel (<a href=\"mailto:info@e-vivasan.com\">info@e-vivasan.com<\/a>). J\u00e4relevalveasutus on Eesti Andmekaitse Inspektsioon (info@aki.ee).<\/p><p>[\/et_pb_text][\/et_pb_column][\/et_pb_row][\/et_pb_section]<\/p>","_et_gb_content_width":"","footnotes":""},"dipi_cpt_category":[],"class_list":["post-388","page","type-page","status-publish","hentry"],"_links":{"self":[{"href":"https:\/\/vivasan.ee\/ru\/wp-json\/wp\/v2\/pages\/388","targetHints":{"allow":["GET"]}}],"collection":[{"href":"https:\/\/vivasan.ee\/ru\/wp-json\/wp\/v2\/pages"}],"about":[{"href":"https:\/\/vivasan.ee\/ru\/wp-json\/wp\/v2\/types\/page"}],"author":[{"embeddable":true,"href":"https:\/\/vivasan.ee\/ru\/wp-json\/wp\/v2\/users\/2"}],"replies":[{"embeddable":true,"href":"https:\/\/vivasan.ee\/ru\/wp-json\/wp\/v2\/comments?post=388"}],"version-history":[{"count":3,"href":"https:\/\/vivasan.ee\/ru\/wp-json\/wp\/v2\/pages\/388\/revisions"}],"predecessor-version":[{"id":1211,"href":"https:\/\/vivasan.ee\/ru\/wp-json\/wp\/v2\/pages\/388\/revisions\/1211"}],"wp:attachment":[{"href":"https:\/\/vivasan.ee\/ru\/wp-json\/wp\/v2\/media?parent=388"}],"wp:term":[{"taxonomy":"dipi_cpt_category","embeddable":true,"href":"https:\/\/vivasan.ee\/ru\/wp-json\/wp\/v2\/dipi_cpt_category?post=388"}],"curies":[{"name":"wp","href":"https:\/\/api.w.org\/{rel}","templated":true}]}}