{"id":394,"date":"2025-06-12T12:10:07","date_gmt":"2025-06-12T09:10:07","guid":{"rendered":"https:\/\/vivasan.ee\/?page_id=394"},"modified":"2025-08-28T11:56:21","modified_gmt":"2025-08-28T08:56:21","slug":"kypsiste-poliitika","status":"publish","type":"page","link":"https:\/\/vivasan.ee\/ru\/kypsiste-poliitika\/","title":{"rendered":"K\u00fcpsiste poliitika"},"content":{"rendered":"<p>[et_pb_section fb_built=&#187;1&#8243; _builder_version=&#187;4.16&#8243; global_colors_info=&#187;{}&#187;][et_pb_row _builder_version=&#187;4.16&#8243; background_size=&#187;initial&#187; background_position=&#187;top_left&#187; background_repeat=&#187;repeat&#187; global_colors_info=&#187;{}&#187;][et_pb_column type=&#187;4_4&#8243; _builder_version=&#187;4.16&#8243; custom_padding=&#187;|||&#187; global_colors_info=&#187;{}&#187; custom_padding__hover=&#187;|||&#187;][et_pb_text _builder_version=&#187;4.27.4&#8243; background_size=&#187;initial&#187; background_position=&#187;top_left&#187; background_repeat=&#187;repeat&#187; hover_enabled=&#187;0&#8243; global_colors_info=&#187;{}&#187; sticky_enabled=&#187;0&#8243;]<\/p>\n<h1>K\u00dcPSISTE KASUTAMISE POLIITIKA<\/h1>\n<p>See on Vivasan Eesti O\u00dc (\u201cvivasan.ee\u201d) k\u00fcpsiste kasutamise poliitika (\u201cK\u00fcpsiste kasutamise poliitika\u201d), milles kirjeldatakse viise, kuidas Tallink meie erinevatel kodulehtedel k\u00fcpsiseid kasutab.<\/p>\n<p><strong>MIS ON K\u00dcPSISED?<\/strong><br \/>\nK\u00fcpsised on failid, mis koguvad erinevat tehnilist informatsiooni kasutaja arvuti, veebilehitseja ja kodulehe kasutamise kohta, n\u00e4iteks lehek\u00fclgede kohta, mida kasutaja on k\u00fclastanud ja millelt tellimusi esitanud. Vivasan.ee kasutab k\u00fcpsiseid, mis on olemuselt puhtalt tehnilised (nt statistika jaoks) ning k\u00fcpsiseid, mis suudavad tuvastada k\u00fclaliskasutajad, h\u00f5lbustada ja isikustada kodulehe k\u00fclastajate registreerumist ja liikumist ning m\u00f5\u00f5ta ja anal\u00fc\u00fcsida kasutaja harjumusi. K\u00fcpsised v\u00f5imaldavad kodulehel meelde j\u00e4tta informatsiooni andmesubjekti k\u00fclastuse kohta, st eelistatud keel ja muud seadistused.<\/p>\n<p><strong>MILLAL ME K\u00dcPSISEID KASUTAME?<\/strong><br \/>\nKui Vivasan.ee kliendid kasutavad Vivasan.ee teenuseid, v\u00f5ivad Vivasan.ee ja v\u00e4lised teenusepakkujad ja partnerid saata k\u00fcpsiseid v\u00f5i muud sarnast tehnoloogiat kasutaja arvutisse kasutaja veebikogemuse parandamiseks ja arendamiseks. Teil on aga v\u00f5imalus seada oma veebilehitseja seadistused nii, et see teavitab Teid k\u00fcpsise saabumisest v\u00f5i keeldub automaatselt k\u00fcpsiste vastuv\u00f5tmisest. Seega saate ise otsustada, kas soovite k\u00fcpsiseid vastu v\u00f5tta v\u00f5i mitte. Samas teadke, et m\u00f5ned Tallinki kodulehe funktsioonid v\u00f5i teenused ei pruugi ilma k\u00fcpsisteta \u00f5igesti toimida.<\/p>\n<p>Vivasan.ee koduleht v\u00f5ib informatsiooni kogumiseks, anal\u00fc\u00fcsimiseks ja kodulehe kasutamise v\u00f5i Vivasan.ee kommunikatsiooni v\u00f5i reklaami t\u00f5hususe m\u00f5\u00f5tmiseks kasutada ka erinevad j\u00e4lgimis- ja anal\u00fc\u00fcsit\u00f6\u00f6riistu, nt kuidas Vivasan.ee kommunikatsioon klientideni j\u00f5uab.<\/p>\n<p><strong>KUIDAS K\u00dcPSISEID KONTROLLIDA?<\/strong><br \/>\nK\u00fcpsiseid on v\u00f5imalik kontrollida ja \/v\u00f5i kustutada nii nagu soovite \u2013 \u00fcksikasjalikku teavet vt www.allaboutcookies.org\/manage-cookies. Te saate kustutada k\u00f5ik k\u00fcpsised, mis juba Teie arvutis olemas on, ning v\u00f5ite seada enamiku vebeilehitsejaid nii, et k\u00fcpsiseid ei pea asendama. Nii toimides v\u00f5ib vajalikuks osutuda teatud eelistuste manuaalne muutmine igal kodulehe k\u00fclastamisel ning m\u00f5ned teenused ja funktsioonid ei pruugi t\u00f6\u00f6tada.<\/p>\n<p><strong>MISSUGUSEID K\u00dcPSISEID MEIE KODULEHED KASUTAVAD?<\/strong><\/p>\n<p>Teenuste k\u00fcpsised<br \/>\nNeed k\u00fcpsised on olulised kodulehe t\u00f6\u00f6 n\u00f5uetele vastavaks muutmiseks. N\u00e4iteks salvestatakse k\u00fcpsisesse informatsioon Teie asukoha ja seadme kohta ning seda kasutatakse asukoha ja seadme jaoks optimeeritud kodulehe kuvamiseks.<\/p>\n<p>Anal\u00fc\u00fcsi k\u00fcpsised<br \/>\nNeid k\u00fcpsiseid kasutatakse k\u00fclastaja k\u00e4itumise j\u00e4lgimiseks meie kodulehtedel, et aidata meil oma informatsiooni ja teenuseid parandada. Kogutud informatsioon kombineeritakse tuhandete teiste kasutajate andmetega, et luua \u00fcldine pilt kodulehe kasutamisest.<\/p>\n<p>Sotsiaalmeedia k\u00fcpsised<br \/>\nvivasan.ee annab Teile v\u00f5imaluse jagada sisu sotsiaalmeedia saitidel, nagu Facebook, Google+ ja Twitter. Need saidid kasutavad k\u00fcpsiseid n\u00e4iteks selleks, et kontrollida, kas olete nende kodulehele sisse loginud.<\/p>\n<p>Reklaamik\u00fcpsised<br \/>\nvivasan.ee kodulehel n\u00e4idatakse reklaame, mille on sinna pannud reklaamiv\u00f5rgustikud. Reklaamiv\u00f5rgustik on organisatsioon, mis tegeleb reklaamiruumi esitamisega kasumi maksimeerimise ja halduskulude minimeerimise eesm\u00e4rgil koondamise abil. Reklaamiv\u00f5rgustikud kasutavad k\u00fcpsiseid j\u00e4lgimise eesm\u00e4rgil ja nende esitatud reklaamide isikup\u00e4rastamiseks. N\u00e4iteks kasutatakse k\u00fcpsiseid nende reklaamide j\u00e4lgimiseks, mida olete juba n\u00e4inud, et v\u00e4ltida kogu aeg samade reklaamide vaatamist.<\/p>\n<p>Kolmanda poole k\u00fcpsised<br \/>\nM\u00f5nedel vivasan.ee kodulehtedel kasutatakse kolmandate poolte teenuseid v\u00f5i tarkvara, nagu vestlust, kaarte, veebivideoid v\u00f5i sotsiaalv\u00f5rgustiku funktsioone. Paljud sellised teenused v\u00f5ivad Teie veebilehitsejasse k\u00fcpsiseid seada.<\/p>\n<p><strong>RAKENDUSS\u00c4TTED<\/strong><br \/>\nArvestades v\u00f5imalikke muutusi seadusandluses, kohtupraktikas ja tehnoloogilistes arengutes, j\u00e4tab vivasan.ee isikuandmete kaitse k\u00f5rge taseme tagamiseks endale \u00f5iguse siinses K\u00fcpsiste kasutamise poliitikas muudatusi teha. Seet\u00f5ttu vaadatakse k\u00e4esolevat K\u00fcpsiste kasutamise poliitikat aeg-ajalt \u00fcle ja vajaduse korral tehakse selles muudatusi. K\u00f5ik K\u00fcpsiste kasutamise poliitikasse tehtud muudatused postitame Tallinki kodulehtedel. K\u00e4esoleva K\u00fcpsiste kasutamise poliitika varasemad versioonid hoiame alles arhiivis.[\/et_pb_text][\/et_pb_column][\/et_pb_row][\/et_pb_section]<\/p>\n","protected":false},"excerpt":{"rendered":"<p>K\u00dcPSISTE KASUTAMISE POLIITIKA See on Vivasan Eesti O\u00dc (\u201cvivasan.ee\u201d) k\u00fcpsiste kasutamise poliitika (\u201cK\u00fcpsiste kasutamise poliitika\u201d), milles kirjeldatakse viise, kuidas Tallink meie erinevatel kodulehtedel k\u00fcpsiseid kasutab. MIS ON K\u00dcPSISED? K\u00fcpsised on failid, mis koguvad erinevat tehnilist informatsiooni kasutaja arvuti, veebilehitseja ja kodulehe kasutamise kohta, n\u00e4iteks lehek\u00fclgede kohta, mida kasutaja on k\u00fclastanud ja millelt tellimusi esitanud. Vivasan.ee [&hellip;]<\/p>\n","protected":false},"author":2,"featured_media":0,"parent":0,"menu_order":0,"comment_status":"closed","ping_status":"closed","template":"","meta":{"_et_pb_use_builder":"on","_et_pb_old_content":"<p>[et_pb_section fb_built=\"1\" _builder_version=\"4.16\" global_colors_info=\"{}\"][et_pb_row _builder_version=\"4.16\" background_size=\"initial\" background_position=\"top_left\" background_repeat=\"repeat\" global_colors_info=\"{}\"][et_pb_column type=\"4_4\" _builder_version=\"4.16\" custom_padding=\"|||\" global_colors_info=\"{}\" custom_padding__hover=\"|||\"][et_pb_text _builder_version=\"4.27.4\" background_size=\"initial\" background_position=\"top_left\" background_repeat=\"repeat\" hover_enabled=\"0\" global_colors_info=\"{}\" sticky_enabled=\"0\"]<\/p><h1>K\u00dcPSISTE KASUTAMISE POLIITIKA<\/h1><p>See on Vivasan Eesti O\u00dc (\u201ce-vivasan.com\u201d) k\u00fcpsiste kasutamise poliitika (\u201cK\u00fcpsiste kasutamise poliitika\u201d), milles kirjeldatakse viise, kuidas Tallink meie erinevatel kodulehtedel k\u00fcpsiseid kasutab.<\/p><p><strong>MIS ON K\u00dcPSISED?<\/strong><br \/>K\u00fcpsised on failid, mis koguvad erinevat tehnilist informatsiooni kasutaja arvuti, veebilehitseja ja kodulehe kasutamise kohta, n\u00e4iteks lehek\u00fclgede kohta, mida kasutaja on k\u00fclastanud ja millelt tellimusi esitanud. E-Vivasan.com kasutab k\u00fcpsiseid, mis on olemuselt puhtalt tehnilised (nt statistika jaoks) ning k\u00fcpsiseid, mis suudavad tuvastada k\u00fclaliskasutajad, h\u00f5lbustada ja isikustada kodulehe k\u00fclastajate registreerumist ja liikumist ning m\u00f5\u00f5ta ja anal\u00fc\u00fcsida kasutaja harjumusi. K\u00fcpsised v\u00f5imaldavad kodulehel meelde j\u00e4tta informatsiooni andmesubjekti k\u00fclastuse kohta, st eelistatud keel ja muud seadistused.<\/p><p><strong>MILLAL ME K\u00dcPSISEID KASUTAME?<\/strong><br \/>Kui E-Vivasan.com kliendid kasutavad E-Vivasan.com teenuseid, v\u00f5ivad E-Vivasan.com ja v\u00e4lised teenusepakkujad ja partnerid saata k\u00fcpsiseid v\u00f5i muud sarnast tehnoloogiat kasutaja arvutisse kasutaja veebikogemuse parandamiseks ja arendamiseks. Teil on aga v\u00f5imalus seada oma veebilehitseja seadistused nii, et see teavitab Teid k\u00fcpsise saabumisest v\u00f5i keeldub automaatselt k\u00fcpsiste vastuv\u00f5tmisest. Seega saate ise otsustada, kas soovite k\u00fcpsiseid vastu v\u00f5tta v\u00f5i mitte. Samas teadke, et m\u00f5ned Tallinki kodulehe funktsioonid v\u00f5i teenused ei pruugi ilma k\u00fcpsisteta \u00f5igesti toimida.<\/p><p>E-Vivasan.com koduleht v\u00f5ib informatsiooni kogumiseks, anal\u00fc\u00fcsimiseks ja kodulehe kasutamise v\u00f5i E-Vivasan.com kommunikatsiooni v\u00f5i reklaami t\u00f5hususe m\u00f5\u00f5tmiseks kasutada ka erinevad j\u00e4lgimis- ja anal\u00fc\u00fcsit\u00f6\u00f6riistu, nt kuidas E-Vivasan.com kommunikatsioon klientideni j\u00f5uab.<\/p><p><strong>KUIDAS K\u00dcPSISEID KONTROLLIDA?<\/strong><br \/>K\u00fcpsiseid on v\u00f5imalik kontrollida ja \/v\u00f5i kustutada nii nagu soovite \u2013 \u00fcksikasjalikku teavet vt www.allaboutcookies.org\/manage-cookies. Te saate kustutada k\u00f5ik k\u00fcpsised, mis juba Teie arvutis olemas on, ning v\u00f5ite seada enamiku vebeilehitsejaid nii, et k\u00fcpsiseid ei pea asendama. Nii toimides v\u00f5ib vajalikuks osutuda teatud eelistuste manuaalne muutmine igal kodulehe k\u00fclastamisel ning m\u00f5ned teenused ja funktsioonid ei pruugi t\u00f6\u00f6tada.<\/p><p><strong>MISSUGUSEID K\u00dcPSISEID MEIE KODULEHED KASUTAVAD?<\/strong><\/p><p>Teenuste k\u00fcpsised<br \/>Need k\u00fcpsised on olulised kodulehe t\u00f6\u00f6 n\u00f5uetele vastavaks muutmiseks. N\u00e4iteks salvestatakse k\u00fcpsisesse informatsioon Teie asukoha ja seadme kohta ning seda kasutatakse asukoha ja seadme jaoks optimeeritud kodulehe kuvamiseks.<\/p><p>Anal\u00fc\u00fcsi k\u00fcpsised<br \/>Neid k\u00fcpsiseid kasutatakse k\u00fclastaja k\u00e4itumise j\u00e4lgimiseks meie kodulehtedel, et aidata meil oma informatsiooni ja teenuseid parandada. Kogutud informatsioon kombineeritakse tuhandete teiste kasutajate andmetega, et luua \u00fcldine pilt kodulehe kasutamisest.<\/p><p>Sotsiaalmeedia k\u00fcpsised<br \/>E-vivasan.com annab Teile v\u00f5imaluse jagada sisu sotsiaalmeedia saitidel, nagu Facebook, Google+ ja Twitter. Need saidid kasutavad k\u00fcpsiseid n\u00e4iteks selleks, et kontrollida, kas olete nende kodulehele sisse loginud.<\/p><p>Reklaamik\u00fcpsised<br \/>E-vivasan.com kodulehel n\u00e4idatakse reklaame, mille on sinna pannud reklaamiv\u00f5rgustikud. Reklaamiv\u00f5rgustik on organisatsioon, mis tegeleb reklaamiruumi esitamisega kasumi maksimeerimise ja halduskulude minimeerimise eesm\u00e4rgil koondamise abil. Reklaamiv\u00f5rgustikud kasutavad k\u00fcpsiseid j\u00e4lgimise eesm\u00e4rgil ja nende esitatud reklaamide isikup\u00e4rastamiseks. N\u00e4iteks kasutatakse k\u00fcpsiseid nende reklaamide j\u00e4lgimiseks, mida olete juba n\u00e4inud, et v\u00e4ltida kogu aeg samade reklaamide vaatamist.<\/p><p>Kolmanda poole k\u00fcpsised<br \/>M\u00f5nedel E-vivasan.com kodulehtedel kasutatakse kolmandate poolte teenuseid v\u00f5i tarkvara, nagu vestlust, kaarte, veebivideoid v\u00f5i sotsiaalv\u00f5rgustiku funktsioone. Paljud sellised teenused v\u00f5ivad Teie veebilehitsejasse k\u00fcpsiseid seada.<\/p><p><strong>RAKENDUSS\u00c4TTED<\/strong><br \/>Arvestades v\u00f5imalikke muutusi seadusandluses, kohtupraktikas ja tehnoloogilistes arengutes, j\u00e4tab E-vivasan.com isikuandmete kaitse k\u00f5rge taseme tagamiseks endale \u00f5iguse siinses K\u00fcpsiste kasutamise poliitikas muudatusi teha. Seet\u00f5ttu vaadatakse k\u00e4esolevat K\u00fcpsiste kasutamise poliitikat aeg-ajalt \u00fcle ja vajaduse korral tehakse selles muudatusi. K\u00f5ik K\u00fcpsiste kasutamise poliitikasse tehtud muudatused postitame Tallinki kodulehtedel. K\u00e4esoleva K\u00fcpsiste kasutamise poliitika varasemad versioonid hoiame alles arhiivis.<\/p><p>[\/et_pb_text][\/et_pb_column][\/et_pb_row][\/et_pb_section]<\/p>","_et_gb_content_width":"","footnotes":""},"dipi_cpt_category":[],"class_list":["post-394","page","type-page","status-publish","hentry"],"_links":{"self":[{"href":"https:\/\/vivasan.ee\/ru\/wp-json\/wp\/v2\/pages\/394","targetHints":{"allow":["GET"]}}],"collection":[{"href":"https:\/\/vivasan.ee\/ru\/wp-json\/wp\/v2\/pages"}],"about":[{"href":"https:\/\/vivasan.ee\/ru\/wp-json\/wp\/v2\/types\/page"}],"author":[{"embeddable":true,"href":"https:\/\/vivasan.ee\/ru\/wp-json\/wp\/v2\/users\/2"}],"replies":[{"embeddable":true,"href":"https:\/\/vivasan.ee\/ru\/wp-json\/wp\/v2\/comments?post=394"}],"version-history":[{"count":3,"href":"https:\/\/vivasan.ee\/ru\/wp-json\/wp\/v2\/pages\/394\/revisions"}],"predecessor-version":[{"id":1214,"href":"https:\/\/vivasan.ee\/ru\/wp-json\/wp\/v2\/pages\/394\/revisions\/1214"}],"wp:attachment":[{"href":"https:\/\/vivasan.ee\/ru\/wp-json\/wp\/v2\/media?parent=394"}],"wp:term":[{"taxonomy":"dipi_cpt_category","embeddable":true,"href":"https:\/\/vivasan.ee\/ru\/wp-json\/wp\/v2\/dipi_cpt_category?post=394"}],"curies":[{"name":"wp","href":"https:\/\/api.w.org\/{rel}","templated":true}]}}