{"id":149,"date":"2025-06-12T08:20:37","date_gmt":"2025-06-12T08:20:37","guid":{"rendered":"https:\/\/vivasan.ee\/?post_type=product&#038;p=149"},"modified":"2026-04-02T15:00:08","modified_gmt":"2026-04-02T12:00:08","slug":"olide-segu-hygeia","status":"publish","type":"product","link":"https:\/\/vivasan.ee\/ru\/aromateraapia\/eeterlikud-olid\/olide-segu-hygeia\/","title":{"rendered":"\u00d5lide segu &#171;HYGEIA&#187;"},"content":{"rendered":"<p><strong>\u00d5lide segu\u00a0Hygeia<\/strong>\u00a0\u2013\u00a0\u00a0t\u00f5hus vahend tervise s\u00e4ilitamiseks gripi ja k\u00fclmetushaiguste epideemia ajal.\u00a0\u00a0Kasutatakse immuunsuse tugevdamiseks ja \u00fcmbritseva \u00f5hu desinfitseerimiseks.\u00a0See v\u00f5itleb bakterite, seente ja viirustega.\u00a0\u00a0Aitab haigusest taastuda.<\/p>\n<p>Hygieia\u00a0\u2013\u00a0tervise jumalanna ja apteekrite kaitsja.<\/p>\n<p><strong>Omadused:<\/strong><\/p>\n<ul>\n<li>\u2714\ufe0f K\u00f5rgendatud antibakteriaalne, viirusevastane ja antimikroobne toime<\/li>\n<li>\u2714\ufe0f\u00a0T\u00f5hus p\u00f5letikuvastane ja rahustav vahend hingamisteede haiguste korral<\/li>\n<li>\u2714\ufe0f\u00a0K\u00f5rvaldab valu s\u00fcndroomi<\/li>\n<li>\u2714\ufe0f\u00a0Omab adaptogeenset ja immunostimuleerivat toimet<\/li>\n<li>\u2714\ufe0f\u00a0On \u00fcldtoniseeriva toimega<\/li>\n<li>\u2714\ufe0f\u00a0Leevendab p\u00f5letikuj\u00e4rgset j\u00f5uetust<\/li>\n<\/ul>\n<p><em>Koroonaviiruse pandeemia<\/em>\u00a0on n\u00e4idanud, et mitme inimese kogunemine \u00fchte halvasti ventileeritavasse ruumi p\u00f5hjustab intensiivset viirusnakkuse levikut. \u00d5lide segu Hygeia desinfitseerib \u00f5hku, mida hingame, ja tugevdab immuuns\u00fcsteemi, olles kombineeritud kuuest v\u00e4\u00e4rtuslikust \u00f5list.<\/p>\n<p><strong>Kuuseokka\u00f5li<\/strong>\u00a0\u2013\u00a0efektiivne paljude bronhi- ja kopsuhaiguste korral. Prof\u00fclaktiline \u00f5li gripiepideemia korral.\u00a0Aitab akne korral, leevendab p\u00f5letikku ja parandab naha kaitsefunktsioone.\u00a0Tugevdab juuksejuuri ja v\u00e4hendab k\u00f5\u00f5ma teket.\u00a0Leevendab erineva p\u00e4ritoluga liigesevalu.<\/p>\n<p><strong>Rosmariini\u00f5li<\/strong>\u00a0\u2013\u00a0universaalne \u00f5li paljude probleemide korral!\u00a0Paracelsus v\u00e4itis, et rosmariini eeterlik \u00f5li v\u00f5ib tugevdada kogu keha.\u00a0Tugevdab immuuns\u00fcsteemi, leevendab gripi ja k\u00fclmetushaiguste s\u00fcmptomeid &#8212; ninakinnisus, k\u00f6ha, liigne lima bronhides. Parandab vereringet, aitab lihas- ja liigesevalu korral.\u00a0V\u00e4hendab stressi, k\u00f5rvaldab \u00e4revuse, tugevdab m\u00e4lu, parandab m\u00f5tteprotsesside kiirust ja t\u00e4psust.<\/p>\n<p><strong>Lavendli\u00f5li<\/strong>\u00a0&#8212;\u00a0kasutatakse k\u00fclmetushaiguste, bronhiaalastma, \u00fclemiste hingamisteede haiguste korral.\u00a0V\u00e4hendab hingamisteede limaskesta turset,\u00a0omab antihistamiinivastast toimet. Stimuleerib uute rakkude kasvu, omab tasakaalustavat ja rahustavat toimet mis tahes nahat\u00fc\u00fcbi puhul.\u00a0Efektiivne seenhaiguste ja pedikuloosi korral.<\/p>\n<p><strong>Piparm\u00fcndi\u00f5li\u00a0<\/strong>\u2013\u00a0omab viirusevastaseid ja antimikroobseid omadusi.\u00a0Seda kasutatakse paljude grampositiivsete ja gramnegatiivsete bakterite vastu.\u00a0Nende hulgas on bakterid, mis p\u00f5hjustavad seedetrakti, hingamisteede, skeleti-lihass\u00fcsteemi, suu\u00f5\u00f5ne (hammaste lagunemine, periodontiit) haigusi.\u00a0On t\u00f5hus hingamisteede haigusi (sinusiit, bronhiit, far\u00fcngiit), gripiviirusi p\u00f5hjustavate viiruste spektri vastu.\u00a0Tugev toime Candida albicans perekonna seente vastu, samuti laia r\u00fchma teiste patogeenide, mis p\u00f5hjustavad erinevaid naha, k\u00fc\u00fcnte, peanaha, kopsude seeninfektsioone.\u00a0K\u00f5rvaldab valu ja turse, kergendab hingamist, leevendab seedetrakti ebameeldivaid s\u00fcmptomeid.\u00a0V\u00e4hendab \u00e4revust ja stimuleerib kognitiivseid funktsioone.<\/p>\n<p><strong>Seedrim\u00e4nni\u00f5li (\u0160veitsi seeder)\u00a0<\/strong>\u2013\u00a0looduslik taimne ravim paljude haiguste vastu.\u00a0See tapab palju viirusi ja baktereid, sealhulgas kolibakteri, salmonella, H1N1, HIV-1 ja paljud teised haigusi p\u00f5hjustavad viirused ja bakterid.\u00a0V\u00e4\u00e4rtuslikku \u0160veitsi seedri\u00f5li on kasutatud juba sajandeid erinevate haiguste raviks.\u00a0On t\u00f5hus t\u00e4helepanu keskendumise probleemide ning ebapuhta naha korral.<\/p>\n<p><strong>Taliharja\u00f5li<\/strong>\u00a0&#8212;\u00a0met\u00fc\u00fclsalits\u00fc\u00fcl\u00fclaatide sisalduse rekordiomanik &#8212; aspiriini loomulik analoog (99%).\u00a030 ml \u00f5li sisaldab nii palju met\u00fc\u00fclsalits\u00fc\u00fcl\u00fclaati, et selle toime on v\u00f5rreldav 171 aspiriini tableti toimega.\u00a0Selline sisaldus m\u00e4\u00e4rab selle \u00f5li peamise omaduse &#8212; valuvaigistav.\u00a0Iidsed indiaanlased m\u00e4rkasid, kui pehmelt, kuid kiirelt toimib taliharja (gaulteria) eeterlik \u00f5li.\u00a0Seet\u00f5ttu kasutati seda aktiivselt peavalu ja hambavalu k\u00f5rvaldamiseks, haige kurgu raviks.Met\u00fc\u00fclsal\u00fc\u00fcl\u00fclaati olemasolu eeterlikus \u00f5lis tagab ka selle palaviku- ja p\u00f5letikuvastase toime.\u00a0K\u00f5ige sagedamini kasutatakse taliharja\u00f5li segatuna teiste \u00f5lidega.<\/p>\n<p><strong>Vastun\u00e4idustused:\u00a0<\/strong>individuaalne talumatus.<\/p>\n<p><strong>Hoiatused:\u00a0<\/strong>hoida toodet toa temperatuuril mitte \u00fcle 25\u00baC ja lastele k\u00e4ttesaamatus kohas. Hoida sattumast silma ja limanahale. Hoida eemal p\u00e4ikesevalgusest.\u00a0Eeterlikud \u00f5lid on tundlikud UV-kiirguse suhtes. Hoidke eeterlikku \u00f5li suletud tumedast klaasist.<\/p>\n<p><strong>Koostis:\u00a0<\/strong>kuuseokka\u00f5li\u00a026%,\u00a0rosmariini\u00f5li\u00a0&#8212; 25%,\u00a0lavendli\u00f5li\u00a0\u2013 16%,\u00a0piparm\u00fcndi\u00f5li\u00a0&#8212; 15%,\u00a0seedrim\u00e4nni\u00f5li\u00a0(\u0160veitsi seeder) &#8212; 11%,\u00a0taliharja\u00f5li\u00a0\u2013 7%.<\/p>\n<p><strong>Maht:<\/strong>\u00a05\u00a0ml<\/p>\n","protected":false},"excerpt":{"rendered":"<p>\u00d5lide segu Hygeia \u2013 t\u00f5hus vahend tervise s\u00e4ilitamiseks gripi ja k\u00fclmetushaiguste epideemia ajal. Kasutatakse immuunsuse tugevdamiseks ja \u00fcmbritseva \u00f5hu desinfitseerimiseks. See v\u00f5itleb bakterite, seente ja viirustega. Aitab haigusest taastuda.<\/p>\n","protected":false},"featured_media":150,"template":"","meta":{"_et_pb_use_builder":"","_et_pb_old_content":"","_et_gb_content_width":""},"product_brand":[],"product_cat":[25],"product_tag":[],"class_list":{"0":"post-149","1":"product","2":"type-product","3":"status-publish","4":"has-post-thumbnail","6":"product_cat-eeterlikud-olid","8":"first","9":"instock","10":"taxable","11":"shipping-taxable","12":"purchasable","13":"product-type-simple"},"_links":{"self":[{"href":"https:\/\/vivasan.ee\/ru\/wp-json\/wp\/v2\/product\/149","targetHints":{"allow":["GET"]}}],"collection":[{"href":"https:\/\/vivasan.ee\/ru\/wp-json\/wp\/v2\/product"}],"about":[{"href":"https:\/\/vivasan.ee\/ru\/wp-json\/wp\/v2\/types\/product"}],"wp:featuredmedia":[{"embeddable":true,"href":"https:\/\/vivasan.ee\/ru\/wp-json\/wp\/v2\/media\/150"}],"wp:attachment":[{"href":"https:\/\/vivasan.ee\/ru\/wp-json\/wp\/v2\/media?parent=149"}],"wp:term":[{"taxonomy":"product_brand","embeddable":true,"href":"https:\/\/vivasan.ee\/ru\/wp-json\/wp\/v2\/product_brand?post=149"},{"taxonomy":"product_cat","embeddable":true,"href":"https:\/\/vivasan.ee\/ru\/wp-json\/wp\/v2\/product_cat?post=149"},{"taxonomy":"product_tag","embeddable":true,"href":"https:\/\/vivasan.ee\/ru\/wp-json\/wp\/v2\/product_tag?post=149"}],"curies":[{"name":"wp","href":"https:\/\/api.w.org\/{rel}","templated":true}]}}